{"id":2458,"date":"2022-04-25T16:14:39","date_gmt":"2022-04-25T14:14:39","guid":{"rendered":"https:\/\/dev1.strawhost.net\/biocell\/?page_id=2458"},"modified":"2022-07-18T20:29:10","modified_gmt":"2022-07-18T18:29:10","slug":"placanje","status":"publish","type":"page","link":"https:\/\/dev1.strawhost.net\/biocell\/za-pacijente\/placanje\/","title":{"rendered":"Pla\u0107anje"},"content":{"rendered":"\t\t<div data-elementor-type=\"wp-page\" data-elementor-id=\"2458\" class=\"elementor elementor-2458\" data-elementor-post-type=\"page\">\n\t\t\t\t\t\t<section class=\"elementor-section elementor-top-section elementor-element elementor-element-f9e1c5c elementor-section-boxed elementor-section-height-default elementor-section-height-default\" data-id=\"f9e1c5c\" data-element_type=\"section\" data-e-type=\"section\" data-settings=\"{&quot;background_background&quot;:&quot;classic&quot;}\">\n\t\t\t\t\t\t<div class=\"elementor-container elementor-column-gap-no\">\n\t\t\t\t\t<div class=\"elementor-column elementor-col-50 elementor-top-column elementor-element elementor-element-d0d68d9 biocell-herobox-col biocell-herobox-col-order\" data-id=\"d0d68d9\" data-element_type=\"column\" data-e-type=\"column\" data-settings=\"{&quot;background_background&quot;:&quot;classic&quot;}\">\n\t\t\t<div class=\"elementor-widget-wrap elementor-element-populated\">\n\t\t\t\t\t\t<div class=\"elementor-element elementor-element-d9fe43e elementor-widget elementor-widget-heading\" data-id=\"d9fe43e\" data-element_type=\"widget\" data-e-type=\"widget\" data-widget_type=\"heading.default\">\n\t\t\t\t<div class=\"elementor-widget-container\">\n\t\t\t\t\t<h2 class=\"elementor-heading-title elementor-size-default\">ZA PACIJENTE<\/h2>\t\t\t\t<\/div>\n\t\t\t\t<\/div>\n\t\t\t\t<div class=\"elementor-element elementor-element-16968e3 elementor-widget elementor-widget-heading\" data-id=\"16968e3\" data-element_type=\"widget\" data-e-type=\"widget\" data-widget_type=\"heading.default\">\n\t\t\t\t<div class=\"elementor-widget-container\">\n\t\t\t\t\t<h2 class=\"elementor-heading-title elementor-size-default\">Pla\u0107anje<\/h2>\t\t\t\t<\/div>\n\t\t\t\t<\/div>\n\t\t\t\t\t<\/div>\n\t\t<\/div>\n\t\t\t\t<div class=\"elementor-column elementor-col-50 elementor-top-column elementor-element elementor-element-c3fc93a biocell-herobox-col\" data-id=\"c3fc93a\" data-element_type=\"column\" data-e-type=\"column\">\n\t\t\t<div class=\"elementor-widget-wrap elementor-element-populated\">\n\t\t\t\t\t\t<div class=\"elementor-element elementor-element-fb05b47 elementor-widget elementor-widget-image\" data-id=\"fb05b47\" data-element_type=\"widget\" data-e-type=\"widget\" data-widget_type=\"image.default\">\n\t\t\t\t<div class=\"elementor-widget-container\">\n\t\t\t\t\t\t\t\t\t\t\t\t\t\t\t<img decoding=\"async\" src=\"https:\/\/dev1.strawhost.net\/biocell\/wp-content\/uploads\/2022\/07\/587A0026.jpg\" title=\"587A0026\" alt=\"587A0026\" loading=\"lazy\" \/>\t\t\t\t\t\t\t\t\t\t\t\t\t\t\t<\/div>\n\t\t\t\t<\/div>\n\t\t\t\t\t<\/div>\n\t\t<\/div>\n\t\t\t\t\t<\/div>\n\t\t<\/section>\n\t\t\t\t<section class=\"elementor-section elementor-top-section elementor-element elementor-element-ec1e5dd biocell-grid-bg elementor-section-boxed elementor-section-height-default elementor-section-height-default\" data-id=\"ec1e5dd\" data-element_type=\"section\" data-e-type=\"section\" data-settings=\"{&quot;background_background&quot;:&quot;classic&quot;}\">\n\t\t\t\t\t\t<div class=\"elementor-container elementor-column-gap-no\">\n\t\t\t\t\t<div class=\"elementor-column elementor-col-50 elementor-top-column elementor-element elementor-element-50e2b48\" data-id=\"50e2b48\" data-element_type=\"column\" data-e-type=\"column\">\n\t\t\t<div class=\"elementor-widget-wrap elementor-element-populated\">\n\t\t\t\t\t\t<section class=\"elementor-section elementor-inner-section elementor-element elementor-element-66d1a5b elementor-section-full_width elementor-section-height-default elementor-section-height-default\" data-id=\"66d1a5b\" data-element_type=\"section\" data-e-type=\"section\">\n\t\t\t\t\t\t<div class=\"elementor-container elementor-column-gap-no\">\n\t\t\t\t\t<div class=\"elementor-column elementor-col-100 elementor-inner-column elementor-element elementor-element-f41e3b8\" data-id=\"f41e3b8\" data-element_type=\"column\" data-e-type=\"column\">\n\t\t\t<div class=\"elementor-widget-wrap elementor-element-populated\">\n\t\t\t\t\t\t<div class=\"elementor-element elementor-element-793a3ba elementor-widget elementor-widget-text-editor\" data-id=\"793a3ba\" data-element_type=\"widget\" data-e-type=\"widget\" data-widget_type=\"text-editor.default\">\n\t\t\t\t<div class=\"elementor-widget-container\">\n\t\t\t\t\t\t\t\t\t<p>Medicinske usluge koje BioCell Hospital pru\u017ea pacijentima mogu\u0107e je platiti na vi\u0161e na\u010dina, u zavisnosti od mogu\u0107nosti samih pacijenata. Svim pacijentima je na raspolaganju jedan od slede\u0107ih vidova pla\u0107anja:<\/p>\t\t\t\t\t\t\t\t<\/div>\n\t\t\t\t<\/div>\n\t\t\t\t\t<\/div>\n\t\t<\/div>\n\t\t\t\t\t<\/div>\n\t\t<\/section>\n\t\t\t\t<section class=\"elementor-section elementor-inner-section elementor-element elementor-element-2803bc1 elementor-section-full_width elementor-section-height-default elementor-section-height-default\" data-id=\"2803bc1\" data-element_type=\"section\" data-e-type=\"section\" id=\"gotovinom\">\n\t\t\t\t\t\t<div class=\"elementor-container elementor-column-gap-no\">\n\t\t\t\t\t<div class=\"elementor-column elementor-col-100 elementor-inner-column elementor-element elementor-element-5868d21\" data-id=\"5868d21\" data-element_type=\"column\" data-e-type=\"column\">\n\t\t\t<div class=\"elementor-widget-wrap elementor-element-populated\">\n\t\t\t\t\t\t<div class=\"elementor-element elementor-element-e5b7072 elementor-widget elementor-widget-heading\" data-id=\"e5b7072\" data-element_type=\"widget\" data-e-type=\"widget\" data-widget_type=\"heading.default\">\n\t\t\t\t<div class=\"elementor-widget-container\">\n\t\t\t\t\t<h2 class=\"elementor-heading-title elementor-size-default\">Gotovinom<\/h2>\t\t\t\t<\/div>\n\t\t\t\t<\/div>\n\t\t\t\t<div class=\"elementor-element elementor-element-d006fcd elementor-widget elementor-widget-text-editor\" data-id=\"d006fcd\" data-element_type=\"widget\" data-e-type=\"widget\" data-widget_type=\"text-editor.default\">\n\t\t\t\t<div class=\"elementor-widget-container\">\n\t\t\t\t\t\t\t\t\t<p>Medicinske usluge koje nudi BioCell Hospital mogu\u0107e je platiti gotovinom, isklu\u010divo u dinarima. Ukoliko pacijent poseduje samo novac u stranoj valuti,\u00a0 bi\u0107e upu\u0107en ka najbli\u017eoj menja\u010dnici gde mo\u017ee zameniti novac.<\/p>\t\t\t\t\t\t\t\t<\/div>\n\t\t\t\t<\/div>\n\t\t\t\t\t<\/div>\n\t\t<\/div>\n\t\t\t\t\t<\/div>\n\t\t<\/section>\n\t\t\t\t<section class=\"elementor-section elementor-inner-section elementor-element elementor-element-f3c99f8 elementor-section-full_width elementor-section-height-default elementor-section-height-default\" data-id=\"f3c99f8\" data-element_type=\"section\" data-e-type=\"section\" id=\"platnim-karticama\">\n\t\t\t\t\t\t<div class=\"elementor-container elementor-column-gap-no\">\n\t\t\t\t\t<div class=\"elementor-column elementor-col-100 elementor-inner-column elementor-element elementor-element-ce272bd\" data-id=\"ce272bd\" data-element_type=\"column\" data-e-type=\"column\">\n\t\t\t<div class=\"elementor-widget-wrap elementor-element-populated\">\n\t\t\t\t\t\t<div class=\"elementor-element elementor-element-55dd4cd elementor-widget elementor-widget-heading\" data-id=\"55dd4cd\" data-element_type=\"widget\" data-e-type=\"widget\" data-widget_type=\"heading.default\">\n\t\t\t\t<div class=\"elementor-widget-container\">\n\t\t\t\t\t<h2 class=\"elementor-heading-title elementor-size-default\">Platnim karticama<\/h2>\t\t\t\t<\/div>\n\t\t\t\t<\/div>\n\t\t\t\t<div class=\"elementor-element elementor-element-d79c049 elementor-widget elementor-widget-text-editor\" data-id=\"d79c049\" data-element_type=\"widget\" data-e-type=\"widget\" data-widget_type=\"text-editor.default\">\n\t\t\t\t<div class=\"elementor-widget-container\">\n\t\t\t\t\t\t\t\t\t<p>Medicinske usluge mogu\u0107e je platiti platnim karticama Visa, MasterCard, Maestro, DinaCard, American Express i Union Pay. U toku akcija i popusta, korigovane cene \u0107e biti prikazane na fiskalnom ise\u010dku.<\/p>\t\t\t\t\t\t\t\t<\/div>\n\t\t\t\t<\/div>\n\t\t\t\t\t<\/div>\n\t\t<\/div>\n\t\t\t\t\t<\/div>\n\t\t<\/section>\n\t\t\t\t<section class=\"elementor-section elementor-inner-section elementor-element elementor-element-c06f168 elementor-section-full_width elementor-section-height-default elementor-section-height-default\" data-id=\"c06f168\" data-element_type=\"section\" data-e-type=\"section\" id=\"po-predracunu\">\n\t\t\t\t\t\t<div class=\"elementor-container elementor-column-gap-no\">\n\t\t\t\t\t<div class=\"elementor-column elementor-col-100 elementor-inner-column elementor-element elementor-element-e49a7fe\" data-id=\"e49a7fe\" data-element_type=\"column\" data-e-type=\"column\">\n\t\t\t<div class=\"elementor-widget-wrap elementor-element-populated\">\n\t\t\t\t\t\t<div class=\"elementor-element elementor-element-b8c7e68 elementor-widget elementor-widget-heading\" data-id=\"b8c7e68\" data-element_type=\"widget\" data-e-type=\"widget\" data-widget_type=\"heading.default\">\n\t\t\t\t<div class=\"elementor-widget-container\">\n\t\t\t\t\t<h2 class=\"elementor-heading-title elementor-size-default\">Po predra\u010dunu<\/h2>\t\t\t\t<\/div>\n\t\t\t\t<\/div>\n\t\t\t\t<div class=\"elementor-element elementor-element-32f6109 elementor-widget elementor-widget-text-editor\" data-id=\"32f6109\" data-element_type=\"widget\" data-e-type=\"widget\" data-widget_type=\"text-editor.default\">\n\t\t\t\t<div class=\"elementor-widget-container\">\n\t\t\t\t\t\t\t\t\t<p>Ra\u010dun za pru\u017eene usluge mogu\u0107e je platiti po predra\u010dunu uplatom na broj \u017eiro-ra\u010duna bolnice o \u010demu se mo\u017eete unapred informisati bilo pozivom na jedan od brojeva kontakt centra ili upitom kroz kontakt formu.<\/p><p>O detaljima i uslovima pla\u0107anja, pogodnostima i akcijama, polisama zdravstvenog osiguranja mo\u017eete se informisati i putem telefona +381 11 66 88000 ili kroz kontakt formu na biocellhospital.com.<\/p>\t\t\t\t\t\t\t\t<\/div>\n\t\t\t\t<\/div>\n\t\t\t\t\t<\/div>\n\t\t<\/div>\n\t\t\t\t\t<\/div>\n\t\t<\/section>\n\t\t\t\t<section class=\"elementor-section elementor-inner-section elementor-element elementor-element-4986198 elementor-section-full_width elementor-section-height-default elementor-section-height-default\" data-id=\"4986198\" data-element_type=\"section\" data-e-type=\"section\" id=\"osiguranje\">\n\t\t\t\t\t\t<div class=\"elementor-container elementor-column-gap-no\">\n\t\t\t\t\t<div class=\"elementor-column elementor-col-100 elementor-inner-column elementor-element elementor-element-0e79cce\" data-id=\"0e79cce\" data-element_type=\"column\" data-e-type=\"column\">\n\t\t\t<div class=\"elementor-widget-wrap elementor-element-populated\">\n\t\t\t\t\t\t\t<\/div>\n\t\t<\/div>\n\t\t\t\t\t<\/div>\n\t\t<\/section>\n\t\t\t\t\t<\/div>\n\t\t<\/div>\n\t\t\t\t<div class=\"elementor-column elementor-col-50 elementor-top-column elementor-element elementor-element-f238c03\" data-id=\"f238c03\" data-element_type=\"column\" data-e-type=\"column\">\n\t\t\t<div class=\"elementor-widget-wrap elementor-element-populated\">\n\t\t\t\t\t\t<section class=\"elementor-section elementor-inner-section elementor-element elementor-element-ab370a9 elementor-section-full_width elementor-section-height-default elementor-section-height-default\" data-id=\"ab370a9\" data-element_type=\"section\" data-e-type=\"section\" data-settings=\"{&quot;sticky&quot;:&quot;top&quot;,&quot;sticky_on&quot;:[&quot;desktop&quot;],&quot;sticky_parent&quot;:&quot;yes&quot;,&quot;sticky_offset&quot;:0,&quot;sticky_effects_offset&quot;:0,&quot;sticky_anchor_link_offset&quot;:0}\">\n\t\t\t\t\t\t<div class=\"elementor-container elementor-column-gap-no\">\n\t\t\t\t\t<div class=\"elementor-column elementor-col-100 elementor-inner-column elementor-element elementor-element-52c5d61\" data-id=\"52c5d61\" data-element_type=\"column\" data-e-type=\"column\">\n\t\t\t<div class=\"elementor-widget-wrap elementor-element-populated\">\n\t\t\t\t\t\t<div class=\"elementor-element elementor-element-1099f7d elementor-widget elementor-widget-template\" data-id=\"1099f7d\" data-element_type=\"widget\" data-e-type=\"widget\" data-widget_type=\"template.default\">\n\t\t\t\t<div class=\"elementor-widget-container\">\n\t\t\t\t\t\t\t<div class=\"elementor-template\">\n\t\t\t\t\t<div data-elementor-type=\"section\" data-elementor-id=\"2471\" class=\"elementor elementor-2471\" data-elementor-post-type=\"elementor_library\">\n\t\t\t\t\t<section class=\"elementor-section elementor-top-section elementor-element elementor-element-2d0327c elementor-section-full_width elementor-section-height-default elementor-section-height-default\" data-id=\"2d0327c\" data-element_type=\"section\" data-e-type=\"section\" data-settings=\"{&quot;background_background&quot;:&quot;classic&quot;}\">\n\t\t\t\t\t\t<div class=\"elementor-container elementor-column-gap-no\">\n\t\t\t\t\t<div class=\"elementor-column elementor-col-100 elementor-top-column elementor-element elementor-element-92d6689\" data-id=\"92d6689\" data-element_type=\"column\" data-e-type=\"column\">\n\t\t\t<div class=\"elementor-widget-wrap elementor-element-populated\">\n\t\t\t\t\t\t<div class=\"elementor-element elementor-element-ed3bb7e elementor-widget elementor-widget-heading\" data-id=\"ed3bb7e\" data-element_type=\"widget\" data-e-type=\"widget\" data-widget_type=\"heading.default\">\n\t\t\t\t<div class=\"elementor-widget-container\">\n\t\t\t\t\t<h2 class=\"elementor-heading-title elementor-size-default\">Za pacijente<\/h2>\t\t\t\t<\/div>\n\t\t\t\t<\/div>\n\t\t\t\t\t<\/div>\n\t\t<\/div>\n\t\t\t\t\t<\/div>\n\t\t<\/section>\n\t\t\t\t<section class=\"elementor-section elementor-top-section elementor-element elementor-element-4c2ca7b elementor-section-full_width elementor-section-height-default elementor-section-height-default\" data-id=\"4c2ca7b\" data-element_type=\"section\" data-e-type=\"section\" data-settings=\"{&quot;background_background&quot;:&quot;classic&quot;}\">\n\t\t\t\t\t\t<div class=\"elementor-container elementor-column-gap-no\">\n\t\t\t\t\t<div class=\"elementor-column elementor-col-100 elementor-top-column elementor-element elementor-element-3f0c266\" data-id=\"3f0c266\" data-element_type=\"column\" data-e-type=\"column\">\n\t\t\t<div class=\"elementor-widget-wrap elementor-element-populated\">\n\t\t\t\t\t\t<div class=\"elementor-element elementor-element-0464d89 elementor-widget elementor-widget-shortcode\" data-id=\"0464d89\" data-element_type=\"widget\" data-e-type=\"widget\" data-widget_type=\"shortcode.default\">\n\t\t\t\t<div class=\"elementor-widget-container\">\n\t\t\t\t\t\t\t<div class=\"elementor-shortcode\">\r\n    <nav class=\"just-sidebar-wrap\">\r\n        <ul>\r\n                        <li  class=\"just-sidebar__sub-menu-parent\">\r\n                <a href=\"https:\/\/dev1.strawhost.net\/biocell\/za-pacijente\/\" title=\"Boravak i le\u010denje\">Boravak i le\u010denje<\/a>\r\n                                <ul class=\"just-sidebar__sub-menu\">\r\n                                    <li class=\"just-sidebar__sub-menu-child\">\r\n                    <a onclick=\"event.stopPropagation();\" href=\"https:\/\/dev1.strawhost.net\/biocell\/za-pacijente\/#zakazivanje\" title=\"Zakazivanje\">Zakazivanje<\/a>\r\n                    <\/li>\r\n                                    <li class=\"just-sidebar__sub-menu-child\">\r\n                    <a onclick=\"event.stopPropagation();\" href=\"https:\/\/dev1.strawhost.net\/biocell\/za-pacijente\/#priprema-za-dolazak\" title=\"Priprema za dolazak\">Priprema za dolazak<\/a>\r\n                    <\/li>\r\n                                    <li class=\"just-sidebar__sub-menu-child\">\r\n                    <a onclick=\"event.stopPropagation();\" href=\"https:\/\/dev1.strawhost.net\/biocell\/za-pacijente\/#prijem-pacijenata\" title=\"Prijem pacijenata\">Prijem pacijenata<\/a>\r\n                    <\/li>\r\n                                    <li class=\"just-sidebar__sub-menu-child\">\r\n                    <a onclick=\"event.stopPropagation();\" href=\"https:\/\/dev1.strawhost.net\/biocell\/za-pacijente\/#boravak-u-biocell-hospital\" title=\"Boravak u BioCell Hospital\">Boravak u BioCell Hospital<\/a>\r\n                    <\/li>\r\n                                    <li class=\"just-sidebar__sub-menu-child\">\r\n                    <a onclick=\"event.stopPropagation();\" href=\"https:\/\/dev1.strawhost.net\/biocell\/za-pacijente\/#opremljenost-bolnice\" title=\"Opremljenost bolnice\">Opremljenost bolnice<\/a>\r\n                    <\/li>\r\n                                    <li class=\"just-sidebar__sub-menu-child\">\r\n                    <a onclick=\"event.stopPropagation();\" href=\"https:\/\/dev1.strawhost.net\/biocell\/za-pacijente\/#bolnicki-dan\" title=\"Bolni\u010dki dan\">Bolni\u010dki dan<\/a>\r\n                    <\/li>\r\n                                    <li class=\"just-sidebar__sub-menu-child\">\r\n                    <a onclick=\"event.stopPropagation();\" href=\"https:\/\/dev1.strawhost.net\/biocell\/za-pacijente\/#posete\" title=\"Posete\">Posete<\/a>\r\n                    <\/li>\r\n                                    <li class=\"just-sidebar__sub-menu-child\">\r\n                    <a onclick=\"event.stopPropagation();\" href=\"https:\/\/dev1.strawhost.net\/biocell\/za-pacijente\/#kontrolni-pregledi-i-oporavak\" title=\"Kontrolni pregledi i oporavak\">Kontrolni pregledi i oporavak<\/a>\r\n                    <\/li>\r\n                                <\/ul>\r\n                            <\/li>\r\n                        <li >\r\n                <a href=\"https:\/\/dev1.strawhost.net\/biocell\/za-pacijente\/transport\/\" title=\"Transport\">Transport<\/a>\r\n                            <\/li>\r\n                        <li  class=\"just-sidebar__sub-menu-parent\">\r\n                <a href=\"https:\/\/dev1.strawhost.net\/biocell\/za-pacijente\/placanje\/\" title=\"Pla\u0107anje\">Pla\u0107anje<\/a>\r\n                                <ul class=\"just-sidebar__sub-menu\">\r\n                                    <li class=\"just-sidebar__sub-menu-child\">\r\n                    <a onclick=\"event.stopPropagation();\" href=\"https:\/\/dev1.strawhost.net\/biocell\/za-pacijente\/placanje\/#gotovinom\" title=\"Gotovinom\">Gotovinom<\/a>\r\n                    <\/li>\r\n                                    <li class=\"just-sidebar__sub-menu-child\">\r\n                    <a onclick=\"event.stopPropagation();\" href=\"https:\/\/dev1.strawhost.net\/biocell\/za-pacijente\/placanje\/#platnim-karticama\" title=\"Platnim karticama\">Platnim karticama<\/a>\r\n                    <\/li>\r\n                                    <li class=\"just-sidebar__sub-menu-child\">\r\n                    <a onclick=\"event.stopPropagation();\" href=\"https:\/\/dev1.strawhost.net\/biocell\/za-pacijente\/placanje\/#po-predracunu\" title=\"Po predra\u010dunu\">Po predra\u010dunu<\/a>\r\n                    <\/li>\r\n                                <\/ul>\r\n                            <\/li>\r\n                    <ul>\r\n    <\/nav>\r\n\r\n    <\/div>\n\t\t\t\t\t\t<\/div>\n\t\t\t\t<\/div>\n\t\t\t\t\t<\/div>\n\t\t<\/div>\n\t\t\t\t\t<\/div>\n\t\t<\/section>\n\t\t\t\t<\/div>\n\t\t\t\t<\/div>\n\t\t\t\t\t\t<\/div>\n\t\t\t\t<\/div>\n\t\t\t\t<div class=\"elementor-element elementor-element-7611226 elementor-widget elementor-widget-template\" data-id=\"7611226\" data-element_type=\"widget\" data-e-type=\"widget\" data-widget_type=\"template.default\">\n\t\t\t\t<div class=\"elementor-widget-container\">\n\t\t\t\t\t\t\t<div class=\"elementor-template\">\n\t\t\t\t\t<div data-elementor-type=\"section\" data-elementor-id=\"2219\" class=\"elementor elementor-2219\" data-elementor-post-type=\"elementor_library\">\n\t\t\t\t\t<section class=\"elementor-section elementor-top-section elementor-element elementor-element-d017ca2 elementor-section-full_width elementor-section-height-default elementor-section-height-default\" data-id=\"d017ca2\" data-element_type=\"section\" data-e-type=\"section\" data-settings=\"{&quot;background_background&quot;:&quot;classic&quot;}\">\n\t\t\t\t\t\t<div class=\"elementor-container elementor-column-gap-no\">\n\t\t\t\t\t<div class=\"elementor-column elementor-col-100 elementor-top-column elementor-element elementor-element-e5a3e68\" data-id=\"e5a3e68\" data-element_type=\"column\" data-e-type=\"column\">\n\t\t\t<div class=\"elementor-widget-wrap elementor-element-populated\">\n\t\t\t\t\t\t<div class=\"elementor-element elementor-element-a8bb094 elementor-widget elementor-widget-heading\" data-id=\"a8bb094\" data-element_type=\"widget\" data-e-type=\"widget\" data-widget_type=\"heading.default\">\n\t\t\t\t<div class=\"elementor-widget-container\">\n\t\t\t\t\t<h4 class=\"elementor-heading-title elementor-size-default\">Zdrava budu\u0107nost \npo\u010dinje sa nama.<\/h4>\t\t\t\t<\/div>\n\t\t\t\t<\/div>\n\t\t\t\t<div class=\"elementor-element elementor-element-ea39b37 elementor-widget elementor-widget-text-editor\" data-id=\"ea39b37\" data-element_type=\"widget\" data-e-type=\"widget\" data-widget_type=\"text-editor.default\">\n\t\t\t\t<div class=\"elementor-widget-container\">\n\t\t\t\t\t\t\t\t\tInformacije i zakazivanje\t\t\t\t\t\t\t\t<\/div>\n\t\t\t\t<\/div>\n\t\t\t\t<div class=\"elementor-element elementor-element-65a1c7e elementor-widget elementor-widget-heading\" data-id=\"65a1c7e\" data-element_type=\"widget\" data-e-type=\"widget\" data-widget_type=\"heading.default\">\n\t\t\t\t<div class=\"elementor-widget-container\">\n\t\t\t\t\t<h4 class=\"elementor-heading-title elementor-size-default\"><a href=\"tel:*381116688000\">+381 11 66 88 000<\/a><\/h4>\t\t\t\t<\/div>\n\t\t\t\t<\/div>\n\t\t\t\t<div class=\"elementor-element elementor-element-72e206f elementor-align-center elementor-tablet-align-left elementor-mobile-align-center elementor-widget__width-inherit biocell-sidebar-button elementor-widget elementor-widget-button\" data-id=\"72e206f\" data-element_type=\"widget\" data-e-type=\"widget\" data-widget_type=\"button.default\">\n\t\t\t\t<div class=\"elementor-widget-container\">\n\t\t\t\t\t\t\t\t\t<div class=\"elementor-button-wrapper\">\n\t\t\t\t\t<a class=\"elementor-button elementor-button-link elementor-size-sm\" href=\"https:\/\/dev1.strawhost.net\/biocell\/kontakt\/\">\n\t\t\t\t\t\t<span class=\"elementor-button-content-wrapper\">\n\t\t\t\t\t\t\t\t\t<span class=\"elementor-button-text\">Zaka\u017eite pregled<\/span>\n\t\t\t\t\t<\/span>\n\t\t\t\t\t<\/a>\n\t\t\t\t<\/div>\n\t\t\t\t\t\t\t\t<\/div>\n\t\t\t\t<\/div>\n\t\t\t\t\t<\/div>\n\t\t<\/div>\n\t\t\t\t\t<\/div>\n\t\t<\/section>\n\t\t\t\t<\/div>\n\t\t\t\t<\/div>\n\t\t\t\t\t\t<\/div>\n\t\t\t\t<\/div>\n\t\t\t\t\t<\/div>\n\t\t<\/div>\n\t\t\t\t\t<\/div>\n\t\t<\/section>\n\t\t\t\t\t<\/div>\n\t\t<\/div>\n\t\t\t\t\t<\/div>\n\t\t<\/section>\n\t\t\t\t<\/div>\n\t\t","protected":false},"excerpt":{"rendered":"<p>ZA PACIJENTE Pla\u0107anje Medicinske usluge koje BioCell Hospital pru\u017ea pacijentima mogu\u0107e je platiti na vi\u0161e na\u010dina, u zavisnosti od mogu\u0107nosti samih pacijenata. Svim pacijentima je na raspolaganju jedan od slede\u0107ih vidova pla\u0107anja: Gotovinom Medicinske usluge koje nudi BioCell Hospital mogu\u0107e je platiti gotovinom, isklu\u010divo u dinarima. Ukoliko pacijent poseduje samo novac u stranoj valuti,\u00a0 bi\u0107e [&hellip;]<\/p>\n","protected":false},"author":2,"featured_media":0,"parent":75,"menu_order":0,"comment_status":"closed","ping_status":"closed","template":"","meta":{"_acf_changed":false,"footnotes":""},"class_list":["post-2458","page","type-page","status-publish","hentry"],"acf":[],"_links":{"self":[{"href":"https:\/\/dev1.strawhost.net\/biocell\/wp-json\/wp\/v2\/pages\/2458","targetHints":{"allow":["GET"]}}],"collection":[{"href":"https:\/\/dev1.strawhost.net\/biocell\/wp-json\/wp\/v2\/pages"}],"about":[{"href":"https:\/\/dev1.strawhost.net\/biocell\/wp-json\/wp\/v2\/types\/page"}],"author":[{"embeddable":true,"href":"https:\/\/dev1.strawhost.net\/biocell\/wp-json\/wp\/v2\/users\/2"}],"replies":[{"embeddable":true,"href":"https:\/\/dev1.strawhost.net\/biocell\/wp-json\/wp\/v2\/comments?post=2458"}],"version-history":[{"count":0,"href":"https:\/\/dev1.strawhost.net\/biocell\/wp-json\/wp\/v2\/pages\/2458\/revisions"}],"up":[{"embeddable":true,"href":"https:\/\/dev1.strawhost.net\/biocell\/wp-json\/wp\/v2\/pages\/75"}],"wp:attachment":[{"href":"https:\/\/dev1.strawhost.net\/biocell\/wp-json\/wp\/v2\/media?parent=2458"}],"curies":[{"name":"wp","href":"https:\/\/api.w.org\/{rel}","templated":true}]}}