{"id":2764,"date":"2022-04-25T19:46:18","date_gmt":"2022-04-25T19:46:18","guid":{"rendered":"https:\/\/dev1.strawhost.net\/biocell\/?page_id=2764"},"modified":"2022-07-19T13:01:31","modified_gmt":"2022-07-19T11:01:31","slug":"covid-19","status":"publish","type":"page","link":"https:\/\/dev1.strawhost.net\/biocell\/covid-19\/","title":{"rendered":"Covid-19"},"content":{"rendered":"\t\t<div data-elementor-type=\"wp-page\" data-elementor-id=\"2764\" class=\"elementor elementor-2764\" data-elementor-post-type=\"page\">\n\t\t\t\t\t\t<section class=\"elementor-section elementor-top-section elementor-element elementor-element-19c69cb elementor-section-boxed elementor-section-height-default elementor-section-height-default\" data-id=\"19c69cb\" data-element_type=\"section\" data-e-type=\"section\" data-settings=\"{&quot;background_background&quot;:&quot;classic&quot;}\">\n\t\t\t\t\t\t<div class=\"elementor-container elementor-column-gap-no\">\n\t\t\t\t\t<div class=\"elementor-column elementor-col-50 elementor-top-column elementor-element elementor-element-1691a36 biocell-herobox-col biocell-herobox-col-order\" data-id=\"1691a36\" data-element_type=\"column\" data-e-type=\"column\" data-settings=\"{&quot;background_background&quot;:&quot;classic&quot;}\">\n\t\t\t<div class=\"elementor-widget-wrap elementor-element-populated\">\n\t\t\t\t\t\t<div class=\"elementor-element elementor-element-7a7101d elementor-widget elementor-widget-heading\" data-id=\"7a7101d\" data-element_type=\"widget\" data-e-type=\"widget\" data-widget_type=\"heading.default\">\n\t\t\t\t<div class=\"elementor-widget-container\">\n\t\t\t\t\t<h2 class=\"elementor-heading-title elementor-size-default\">Covid 19<\/h2>\t\t\t\t<\/div>\n\t\t\t\t<\/div>\n\t\t\t\t<div class=\"elementor-element elementor-element-18d0a1f elementor-widget elementor-widget-text-editor\" data-id=\"18d0a1f\" data-element_type=\"widget\" data-e-type=\"widget\" data-widget_type=\"text-editor.default\">\n\t\t\t\t<div class=\"elementor-widget-container\">\n\t\t\t\t\t\t\t\t\t<p>BioCell Hospital prati preporuke Ministarstva zdravlja Republike Srbije u vezi sa svetskom pandemijom korona virusa i odgovorno se odnosi prema svojim pacijentima, posetiocima\u00a0 i medicinskom osoblju.<\/p>\t\t\t\t\t\t\t\t<\/div>\n\t\t\t\t<\/div>\n\t\t\t\t\t<\/div>\n\t\t<\/div>\n\t\t\t\t<div class=\"elementor-column elementor-col-50 elementor-top-column elementor-element elementor-element-8586dcf biocell-herobox-col\" data-id=\"8586dcf\" data-element_type=\"column\" data-e-type=\"column\">\n\t\t\t<div class=\"elementor-widget-wrap elementor-element-populated\">\n\t\t\t\t\t\t<div class=\"elementor-element elementor-element-34a34f9 elementor-widget elementor-widget-image\" data-id=\"34a34f9\" data-element_type=\"widget\" data-e-type=\"widget\" data-widget_type=\"image.default\">\n\t\t\t\t<div class=\"elementor-widget-container\">\n\t\t\t\t\t\t\t\t\t\t\t\t\t\t\t<img decoding=\"async\" src=\"https:\/\/dev1.strawhost.net\/biocell\/wp-content\/uploads\/2022\/04\/covid-19-hero.jpg\" title=\"covid-19-hero\" alt=\"covid-19-hero\" loading=\"lazy\" \/>\t\t\t\t\t\t\t\t\t\t\t\t\t\t\t<\/div>\n\t\t\t\t<\/div>\n\t\t\t\t\t<\/div>\n\t\t<\/div>\n\t\t\t\t\t<\/div>\n\t\t<\/section>\n\t\t\t\t<section class=\"elementor-section elementor-top-section elementor-element elementor-element-fadf6ee biocell-grid-bg elementor-section-boxed elementor-section-height-default elementor-section-height-default\" data-id=\"fadf6ee\" data-element_type=\"section\" data-e-type=\"section\" data-settings=\"{&quot;background_background&quot;:&quot;classic&quot;}\">\n\t\t\t\t\t\t<div class=\"elementor-container elementor-column-gap-no\">\n\t\t\t\t\t<div class=\"elementor-column elementor-col-50 elementor-top-column elementor-element elementor-element-c1ae447\" data-id=\"c1ae447\" data-element_type=\"column\" data-e-type=\"column\">\n\t\t\t<div class=\"elementor-widget-wrap elementor-element-populated\">\n\t\t\t\t\t\t<div class=\"elementor-element elementor-element-4bab66e elementor-widget elementor-widget-text-editor\" data-id=\"4bab66e\" data-element_type=\"widget\" data-e-type=\"widget\" data-widget_type=\"text-editor.default\">\n\t\t\t\t<div class=\"elementor-widget-container\">\n\t\t\t\t\t\t\t\t\t<p>Maske unutar bolnice su i dalje obavezne za pacijente, medicinsko osoblje i sve posetioce koji dolaze u Biocell Hospital. Kako bismo omogu\u0107ili da se svaka osoba ose\u0107a bezbedno, a ujedno smanjili mogu\u0107nost zaraze u BioCell Hospital,\u00a0 pacijentima i posetiocima se na ulazu meri telesna temperatura, na snazi je i dalje preporuka o dr\u017eanju distance, a pacijentima je u svim prostorijama na raspolaganju mogu\u0107nost dezinfekcije ruku. Ukoliko ste zaboravili svoju masku, mo\u017eete je kupiti u na\u0161oj apoteci.<\/p><p>BioCell Hospital se ne bavi le\u010denjem Covid 19, ali nam se mo\u017eete obratiti nakon prele\u017eanog Covid 19 radi sistematskih pregleda kako biste pratili svoje zdravstveno stanje nakon bolesti. Tako\u0111e, na\u0161im pacijentima nudimo mogu\u0107nost specifi\u010dnih post Covid pregleda i konsultacija sa na\u0161im timom lekara.<\/p><p>Ukoliko osetite neke od simptoma korona virusa pred dolazak u Biocell Hospital, molimo vas da nas kontaktirate putem telefona ili imejlom kako biste pomerili pregled ili zakazanu intervenciju.<\/p><p>Apelujemo na pacijente da u bolnicu ne dolaze ukoliko ose\u0107aju bilo kakve simptome koji upu\u0107uju na infekciju korona virusom ve\u0107 da se jave u najbli\u017eu Covid ambulantu kako bi se testirali. BioCell Hospital promovi\u0161e odgovorno pona\u0161anje, a u cilju funkcionisanja same bolnice,\u00a0 neophodno je da se i osoblje bolnice i pacijenti podjednako pridr\u017eavaju preporuka vezanih za preventivne mere protiv korona virusa.<\/p>\t\t\t\t\t\t\t\t<\/div>\n\t\t\t\t<\/div>\n\t\t\t\t\t<\/div>\n\t\t<\/div>\n\t\t\t\t<div class=\"elementor-column elementor-col-50 elementor-top-column elementor-element elementor-element-20155f5\" data-id=\"20155f5\" data-element_type=\"column\" data-e-type=\"column\">\n\t\t\t<div class=\"elementor-widget-wrap elementor-element-populated\">\n\t\t\t\t\t\t<section class=\"elementor-section elementor-inner-section elementor-element elementor-element-6eb6d60 elementor-section-full_width elementor-section-height-default elementor-section-height-default\" data-id=\"6eb6d60\" data-element_type=\"section\" data-e-type=\"section\" data-settings=\"{&quot;sticky&quot;:&quot;top&quot;,&quot;sticky_on&quot;:[&quot;desktop&quot;],&quot;sticky_parent&quot;:&quot;yes&quot;,&quot;sticky_offset&quot;:0,&quot;sticky_effects_offset&quot;:0,&quot;sticky_anchor_link_offset&quot;:0}\">\n\t\t\t\t\t\t<div class=\"elementor-container elementor-column-gap-no\">\n\t\t\t\t\t<div class=\"elementor-column elementor-col-100 elementor-inner-column elementor-element elementor-element-f4fc937\" data-id=\"f4fc937\" data-element_type=\"column\" data-e-type=\"column\">\n\t\t\t<div class=\"elementor-widget-wrap elementor-element-populated\">\n\t\t\t\t\t\t<div class=\"elementor-element elementor-element-718aa69 elementor-widget elementor-widget-template\" data-id=\"718aa69\" data-element_type=\"widget\" data-e-type=\"widget\" data-widget_type=\"template.default\">\n\t\t\t\t<div class=\"elementor-widget-container\">\n\t\t\t\t\t\t\t<div class=\"elementor-template\">\n\t\t\t\t\t<div data-elementor-type=\"section\" data-elementor-id=\"2219\" class=\"elementor elementor-2219\" data-elementor-post-type=\"elementor_library\">\n\t\t\t\t\t<section class=\"elementor-section elementor-top-section elementor-element elementor-element-d017ca2 elementor-section-full_width elementor-section-height-default elementor-section-height-default\" data-id=\"d017ca2\" data-element_type=\"section\" data-e-type=\"section\" data-settings=\"{&quot;background_background&quot;:&quot;classic&quot;}\">\n\t\t\t\t\t\t<div class=\"elementor-container elementor-column-gap-no\">\n\t\t\t\t\t<div class=\"elementor-column elementor-col-100 elementor-top-column elementor-element elementor-element-e5a3e68\" data-id=\"e5a3e68\" data-element_type=\"column\" data-e-type=\"column\">\n\t\t\t<div class=\"elementor-widget-wrap elementor-element-populated\">\n\t\t\t\t\t\t<div class=\"elementor-element elementor-element-a8bb094 elementor-widget elementor-widget-heading\" data-id=\"a8bb094\" data-element_type=\"widget\" data-e-type=\"widget\" data-widget_type=\"heading.default\">\n\t\t\t\t<div class=\"elementor-widget-container\">\n\t\t\t\t\t<h4 class=\"elementor-heading-title elementor-size-default\">Zdrava budu\u0107nost \npo\u010dinje sa nama.<\/h4>\t\t\t\t<\/div>\n\t\t\t\t<\/div>\n\t\t\t\t<div class=\"elementor-element elementor-element-ea39b37 elementor-widget elementor-widget-text-editor\" data-id=\"ea39b37\" data-element_type=\"widget\" data-e-type=\"widget\" data-widget_type=\"text-editor.default\">\n\t\t\t\t<div class=\"elementor-widget-container\">\n\t\t\t\t\t\t\t\t\tInformacije i zakazivanje\t\t\t\t\t\t\t\t<\/div>\n\t\t\t\t<\/div>\n\t\t\t\t<div class=\"elementor-element elementor-element-65a1c7e elementor-widget elementor-widget-heading\" data-id=\"65a1c7e\" data-element_type=\"widget\" data-e-type=\"widget\" data-widget_type=\"heading.default\">\n\t\t\t\t<div class=\"elementor-widget-container\">\n\t\t\t\t\t<h4 class=\"elementor-heading-title elementor-size-default\"><a href=\"tel:*381116688000\">+381 11 66 88 000<\/a><\/h4>\t\t\t\t<\/div>\n\t\t\t\t<\/div>\n\t\t\t\t<div class=\"elementor-element elementor-element-72e206f elementor-align-center elementor-tablet-align-left elementor-mobile-align-center elementor-widget__width-inherit biocell-sidebar-button elementor-widget elementor-widget-button\" data-id=\"72e206f\" data-element_type=\"widget\" data-e-type=\"widget\" data-widget_type=\"button.default\">\n\t\t\t\t<div class=\"elementor-widget-container\">\n\t\t\t\t\t\t\t\t\t<div class=\"elementor-button-wrapper\">\n\t\t\t\t\t<a class=\"elementor-button elementor-button-link elementor-size-sm\" href=\"https:\/\/dev1.strawhost.net\/biocell\/kontakt\/\">\n\t\t\t\t\t\t<span class=\"elementor-button-content-wrapper\">\n\t\t\t\t\t\t\t\t\t<span class=\"elementor-button-text\">Zaka\u017eite pregled<\/span>\n\t\t\t\t\t<\/span>\n\t\t\t\t\t<\/a>\n\t\t\t\t<\/div>\n\t\t\t\t\t\t\t\t<\/div>\n\t\t\t\t<\/div>\n\t\t\t\t\t<\/div>\n\t\t<\/div>\n\t\t\t\t\t<\/div>\n\t\t<\/section>\n\t\t\t\t<\/div>\n\t\t\t\t<\/div>\n\t\t\t\t\t\t<\/div>\n\t\t\t\t<\/div>\n\t\t\t\t\t<\/div>\n\t\t<\/div>\n\t\t\t\t\t<\/div>\n\t\t<\/section>\n\t\t\t\t\t<\/div>\n\t\t<\/div>\n\t\t\t\t\t<\/div>\n\t\t<\/section>\n\t\t\t\t<\/div>\n\t\t","protected":false},"excerpt":{"rendered":"<p>Covid 19 BioCell Hospital prati preporuke Ministarstva zdravlja Republike Srbije u vezi sa svetskom pandemijom korona virusa i odgovorno se odnosi prema svojim pacijentima, posetiocima\u00a0 i medicinskom osoblju. Maske unutar bolnice su i dalje obavezne za pacijente, medicinsko osoblje i sve posetioce koji dolaze u Biocell Hospital. Kako bismo omogu\u0107ili da se svaka osoba ose\u0107a [&hellip;]<\/p>\n","protected":false},"author":2,"featured_media":0,"parent":0,"menu_order":0,"comment_status":"closed","ping_status":"closed","template":"","meta":{"_acf_changed":false,"footnotes":""},"class_list":["post-2764","page","type-page","status-publish","hentry"],"acf":[],"_links":{"self":[{"href":"https:\/\/dev1.strawhost.net\/biocell\/wp-json\/wp\/v2\/pages\/2764","targetHints":{"allow":["GET"]}}],"collection":[{"href":"https:\/\/dev1.strawhost.net\/biocell\/wp-json\/wp\/v2\/pages"}],"about":[{"href":"https:\/\/dev1.strawhost.net\/biocell\/wp-json\/wp\/v2\/types\/page"}],"author":[{"embeddable":true,"href":"https:\/\/dev1.strawhost.net\/biocell\/wp-json\/wp\/v2\/users\/2"}],"replies":[{"embeddable":true,"href":"https:\/\/dev1.strawhost.net\/biocell\/wp-json\/wp\/v2\/comments?post=2764"}],"version-history":[{"count":0,"href":"https:\/\/dev1.strawhost.net\/biocell\/wp-json\/wp\/v2\/pages\/2764\/revisions"}],"wp:attachment":[{"href":"https:\/\/dev1.strawhost.net\/biocell\/wp-json\/wp\/v2\/media?parent=2764"}],"curies":[{"name":"wp","href":"https:\/\/api.w.org\/{rel}","templated":true}]}}