{"id":4053,"date":"2022-05-14T13:02:56","date_gmt":"2022-05-14T11:02:56","guid":{"rendered":"https:\/\/dev1.strawhost.net\/biocell\/?page_id=4053"},"modified":"2022-06-23T15:14:35","modified_gmt":"2022-06-23T13:14:35","slug":"specijalisticki-pregledi","status":"publish","type":"page","link":"https:\/\/dev1.strawhost.net\/biocell\/usluge-i-specijalnosti\/specijalisticki-pregledi\/","title":{"rendered":"Specijalisti\u010dki pregledi"},"content":{"rendered":"\t\t<div data-elementor-type=\"wp-page\" data-elementor-id=\"4053\" class=\"elementor elementor-4053\" data-elementor-post-type=\"page\">\n\t\t\t\t\t\t<section class=\"elementor-section elementor-top-section elementor-element elementor-element-d4fcb57 elementor-section-boxed elementor-section-height-default elementor-section-height-default\" data-id=\"d4fcb57\" data-element_type=\"section\" data-e-type=\"section\" data-settings=\"{&quot;background_background&quot;:&quot;classic&quot;}\">\n\t\t\t\t\t\t<div class=\"elementor-container elementor-column-gap-no\">\n\t\t\t\t\t<div class=\"elementor-column elementor-col-50 elementor-top-column elementor-element elementor-element-5ccca9d biocell-herobox-col biocell-herobox-col-order\" data-id=\"5ccca9d\" data-element_type=\"column\" data-e-type=\"column\" data-settings=\"{&quot;background_background&quot;:&quot;classic&quot;}\">\n\t\t\t<div class=\"elementor-widget-wrap elementor-element-populated\">\n\t\t\t\t\t\t<div class=\"elementor-element elementor-element-acea7e4 elementor-widget elementor-widget-heading\" data-id=\"acea7e4\" data-element_type=\"widget\" data-e-type=\"widget\" data-widget_type=\"heading.default\">\n\t\t\t\t<div class=\"elementor-widget-container\">\n\t\t\t\t\t<h2 class=\"elementor-heading-title elementor-size-default\">Specijalisti\u010dki pregledi<\/h2>\t\t\t\t<\/div>\n\t\t\t\t<\/div>\n\t\t\t\t<div class=\"elementor-element elementor-element-694deff elementor-widget elementor-widget-text-editor\" data-id=\"694deff\" data-element_type=\"widget\" data-e-type=\"widget\" data-widget_type=\"text-editor.default\">\n\t\t\t\t<div class=\"elementor-widget-container\">\n\t\t\t\t\t\t\t\t\t<p style=\"font-weight: 400;\">U BioCell Hospital pacijenti mogu obaviti specijalisti\u010dke i supspecijalisti\u010dke preglede. Pregled lekara specijaliste mo\u017ee biti preventivnog karaktera, u okviru sistematskog pregleda ili deo pripreme za intervenciju.<\/p>\t\t\t\t\t\t\t\t<\/div>\n\t\t\t\t<\/div>\n\t\t\t\t\t<\/div>\n\t\t<\/div>\n\t\t\t\t<div class=\"elementor-column elementor-col-50 elementor-top-column elementor-element elementor-element-653041a biocell-herobox-col elementor-hidden-tablet elementor-hidden-mobile\" data-id=\"653041a\" data-element_type=\"column\" data-e-type=\"column\">\n\t\t\t<div class=\"elementor-widget-wrap elementor-element-populated\">\n\t\t\t\t\t\t<div class=\"elementor-element elementor-element-3c32e68 elementor-widget elementor-widget-image\" data-id=\"3c32e68\" data-element_type=\"widget\" data-e-type=\"widget\" data-widget_type=\"image.default\">\n\t\t\t\t<div class=\"elementor-widget-container\">\n\t\t\t\t\t\t\t\t\t\t\t\t\t\t\t<img decoding=\"async\" src=\"https:\/\/dev1.strawhost.net\/biocell\/wp-content\/uploads\/2022\/06\/Image.png\" title=\"Image\" alt=\"Image\" loading=\"lazy\" \/>\t\t\t\t\t\t\t\t\t\t\t\t\t\t\t<\/div>\n\t\t\t\t<\/div>\n\t\t\t\t\t<\/div>\n\t\t<\/div>\n\t\t\t\t\t<\/div>\n\t\t<\/section>\n\t\t\t\t<section class=\"elementor-section elementor-top-section elementor-element elementor-element-be1cf30 biocell-grid-bg elementor-section-boxed elementor-section-height-default elementor-section-height-default\" data-id=\"be1cf30\" data-element_type=\"section\" data-e-type=\"section\" data-settings=\"{&quot;background_background&quot;:&quot;classic&quot;}\">\n\t\t\t\t\t\t<div class=\"elementor-container elementor-column-gap-no\">\n\t\t\t\t\t<div class=\"elementor-column elementor-col-100 elementor-top-column elementor-element elementor-element-04c2f17\" data-id=\"04c2f17\" data-element_type=\"column\" data-e-type=\"column\">\n\t\t\t<div class=\"elementor-widget-wrap elementor-element-populated\">\n\t\t\t\t\t\t<div class=\"elementor-element elementor-element-bf27d00 elementor-widget elementor-widget-shortcode\" data-id=\"bf27d00\" data-element_type=\"widget\" data-e-type=\"widget\" data-widget_type=\"shortcode.default\">\n\t\t\t\t<div class=\"elementor-widget-container\">\n\t\t\t\t\t\t\t<div class=\"elementor-shortcode\">\n    <div class=\"just-services-wrap\">\n    \n            <div class=\"just-services__service\">\n            <div class=\"just-services__service-header-wrap\">\n                <h3 class=\"just-services__service-header\">Specijalisti\u010dki pregledi<\/h3>\n            <\/div>\n            <div class=\"just-services__service-body\">\n                <ul class=\"just-services__list-wrap\">\n\n                    <li><a href='' data-product-price=''>Specijalisti\u010dki pregled &#8211; internista<\/a><\/li>\n            \n                        <li><a href='' data-product-price=''>Specijalisti\u010dki pregled &#8211; hirurg<\/a><\/li>\n            \n                        <li><a href='' data-product-price=''>Supspecijalisti\u010dki prvi pregled &#8211; endokrinolog<\/a><\/li>\n            \n                        <li><a href='' data-product-price=''>Supspecijalisti\u010dki prvi pregled &#8211; hematolog<\/a><\/li>\n            \n                        <li><a href='' data-product-price=''>Pregled specijaliste ginekologije i aku\u0161erstva<\/a><\/li>\n            \n                        <li><a href='' data-product-price=''>Supspecijalisti\u010dki prvi pregled &#8211; kardiolog<\/a><\/li>\n            \n                        <li><a href='' data-product-price=''>Supspecijalisti\u010dki prvi pregled &#8211; pulmolog<\/a><\/li>\n            \n                        <li><a href='' data-product-price=''>Supspecijalisti\u010dki prvi pregled &#8211; reumatolog<\/a><\/li>\n            \n                        <li><a href='' data-product-price=''>Supspecijalisti\u010dki prvi pregled &#8211; onkolog<\/a><\/li>\n            \n                        <li><a href='' data-product-price=''>Specijalisti\u010dki pregled &#8211; profesor univerziteta<\/a><\/li>\n            \n                        <li><a href='' data-product-price=''>Konsultacija specijaliste &#8211; internista<\/a><\/li>\n            \n                        <li><a href='' data-product-price=''>Supspecijalisti\u010dki prvi pregled &#8211; ginekolog<\/a><\/li>\n            \n                        <li><a href='' data-product-price=''>Kontrolni supspecijalisti\u010dki pregled<\/a><\/li>\n            \n                        <li><a href='' data-product-price=''>Kontrolni specijalisti\u010dki pregled &#8211; profesor univerziteta<\/a><\/li>\n            \n                        <li><a href='' data-product-price=''>Konzilijum &#8211; tri \u010dlana<\/a><\/li>\n            \n                        <li><a href='' data-product-price=''>Konzilijum &#8211; \u010detiri \u010dlana<\/a><\/li>\n            \n                        <li><a href='' data-product-price=''>Kontrolni specijalisti\u010dki pregled<\/a><\/li>\n            \n                    \n        <\/ul>\n        <\/div>\n        <\/div>\n\n        \n    <!-- Main Wrapper End-->\n    <\/div>\n\n    <\/div>\n\t\t\t\t\t\t<\/div>\n\t\t\t\t<\/div>\n\t\t\t\t\t<\/div>\n\t\t<\/div>\n\t\t\t\t\t<\/div>\n\t\t<\/section>\n\t\t\t\t<\/div>\n\t\t","protected":false},"excerpt":{"rendered":"<p>Specijalisti\u010dki pregledi U BioCell Hospital pacijenti mogu obaviti specijalisti\u010dke i supspecijalisti\u010dke preglede. Pregled lekara specijaliste mo\u017ee biti preventivnog karaktera, u okviru sistematskog pregleda ili deo pripreme za intervenciju.<\/p>\n","protected":false},"author":2,"featured_media":0,"parent":3472,"menu_order":0,"comment_status":"closed","ping_status":"closed","template":"","meta":{"_acf_changed":false,"footnotes":""},"class_list":["post-4053","page","type-page","status-publish","hentry"],"acf":[],"_links":{"self":[{"href":"https:\/\/dev1.strawhost.net\/biocell\/wp-json\/wp\/v2\/pages\/4053","targetHints":{"allow":["GET"]}}],"collection":[{"href":"https:\/\/dev1.strawhost.net\/biocell\/wp-json\/wp\/v2\/pages"}],"about":[{"href":"https:\/\/dev1.strawhost.net\/biocell\/wp-json\/wp\/v2\/types\/page"}],"author":[{"embeddable":true,"href":"https:\/\/dev1.strawhost.net\/biocell\/wp-json\/wp\/v2\/users\/2"}],"replies":[{"embeddable":true,"href":"https:\/\/dev1.strawhost.net\/biocell\/wp-json\/wp\/v2\/comments?post=4053"}],"version-history":[{"count":0,"href":"https:\/\/dev1.strawhost.net\/biocell\/wp-json\/wp\/v2\/pages\/4053\/revisions"}],"up":[{"embeddable":true,"href":"https:\/\/dev1.strawhost.net\/biocell\/wp-json\/wp\/v2\/pages\/3472"}],"wp:attachment":[{"href":"https:\/\/dev1.strawhost.net\/biocell\/wp-json\/wp\/v2\/media?parent=4053"}],"curies":[{"name":"wp","href":"https:\/\/api.w.org\/{rel}","templated":true}]}}