{"id":4057,"date":"2022-05-14T13:03:35","date_gmt":"2022-05-14T11:03:35","guid":{"rendered":"https:\/\/dev1.strawhost.net\/biocell\/?page_id=4057"},"modified":"2022-06-17T01:14:04","modified_gmt":"2022-06-16T23:14:04","slug":"hirurgija","status":"publish","type":"page","link":"https:\/\/dev1.strawhost.net\/biocell\/usluge-i-specijalnosti\/hirurgija\/","title":{"rendered":"Hirurgija"},"content":{"rendered":"\t\t<div data-elementor-type=\"wp-page\" data-elementor-id=\"4057\" class=\"elementor elementor-4057\" data-elementor-post-type=\"page\">\n\t\t\t\t\t\t<section class=\"elementor-section elementor-top-section elementor-element elementor-element-e0075c6 elementor-section-boxed elementor-section-height-default elementor-section-height-default\" data-id=\"e0075c6\" data-element_type=\"section\" data-e-type=\"section\" data-settings=\"{&quot;background_background&quot;:&quot;classic&quot;}\">\n\t\t\t\t\t\t<div class=\"elementor-container elementor-column-gap-no\">\n\t\t\t\t\t<div class=\"elementor-column elementor-col-50 elementor-top-column elementor-element elementor-element-e5ab046 biocell-herobox-col biocell-herobox-col-order\" data-id=\"e5ab046\" data-element_type=\"column\" data-e-type=\"column\" data-settings=\"{&quot;background_background&quot;:&quot;classic&quot;}\">\n\t\t\t<div class=\"elementor-widget-wrap elementor-element-populated\">\n\t\t\t\t\t\t<div class=\"elementor-element elementor-element-3fa8e07 elementor-widget elementor-widget-heading\" data-id=\"3fa8e07\" data-element_type=\"widget\" data-e-type=\"widget\" data-widget_type=\"heading.default\">\n\t\t\t\t<div class=\"elementor-widget-container\">\n\t\t\t\t\t<h2 class=\"elementor-heading-title elementor-size-default\">Hirurgija<\/h2>\t\t\t\t<\/div>\n\t\t\t\t<\/div>\n\t\t\t\t<div class=\"elementor-element elementor-element-c13cb2b elementor-widget elementor-widget-text-editor\" data-id=\"c13cb2b\" data-element_type=\"widget\" data-e-type=\"widget\" data-widget_type=\"text-editor.default\">\n\t\t\t\t<div class=\"elementor-widget-container\">\n\t\t\t\t\t\t\t\t\t<p style=\"font-weight: 400;\">Hirurgija u BioCell Hospital obuhvata op\u0161tu hirurgiju, abdominalnu, barijatrijsku i urolo\u0161ku hirurgiju, hirurgiju kila, kao i dijagnosti\u010dke procedure. Pored klasi\u010dne hirurgije, kod nas je dostupna i minimalno invazivna hirurgija koja, uz gotovo nevidljive o\u017eiljke, zna\u010dajno smanjuje postoperativni bol i vreme oporavka.<\/p>\t\t\t\t\t\t\t\t<\/div>\n\t\t\t\t<\/div>\n\t\t\t\t\t<\/div>\n\t\t<\/div>\n\t\t\t\t<div class=\"elementor-column elementor-col-50 elementor-top-column elementor-element elementor-element-9720d56 biocell-herobox-col elementor-hidden-tablet elementor-hidden-mobile\" data-id=\"9720d56\" data-element_type=\"column\" data-e-type=\"column\">\n\t\t\t<div class=\"elementor-widget-wrap elementor-element-populated\">\n\t\t\t\t\t\t<div class=\"elementor-element elementor-element-144ae73 elementor-widget elementor-widget-image\" data-id=\"144ae73\" data-element_type=\"widget\" data-e-type=\"widget\" data-widget_type=\"image.default\">\n\t\t\t\t<div class=\"elementor-widget-container\">\n\t\t\t\t\t\t\t\t\t\t\t\t\t\t\t<img decoding=\"async\" src=\"https:\/\/dev1.strawhost.net\/biocell\/wp-content\/uploads\/2022\/06\/Image.png\" title=\"Image\" alt=\"Image\" loading=\"lazy\" \/>\t\t\t\t\t\t\t\t\t\t\t\t\t\t\t<\/div>\n\t\t\t\t<\/div>\n\t\t\t\t\t<\/div>\n\t\t<\/div>\n\t\t\t\t\t<\/div>\n\t\t<\/section>\n\t\t\t\t<section class=\"elementor-section elementor-top-section elementor-element elementor-element-c17b6f7 biocell-grid-bg elementor-section-boxed elementor-section-height-default elementor-section-height-default\" data-id=\"c17b6f7\" data-element_type=\"section\" data-e-type=\"section\" data-settings=\"{&quot;background_background&quot;:&quot;classic&quot;}\">\n\t\t\t\t\t\t<div class=\"elementor-container elementor-column-gap-no\">\n\t\t\t\t\t<div class=\"elementor-column elementor-col-100 elementor-top-column elementor-element elementor-element-cb806ec\" data-id=\"cb806ec\" data-element_type=\"column\" data-e-type=\"column\">\n\t\t\t<div class=\"elementor-widget-wrap elementor-element-populated\">\n\t\t\t\t\t\t<div class=\"elementor-element elementor-element-2472165 elementor-widget elementor-widget-shortcode\" data-id=\"2472165\" data-element_type=\"widget\" data-e-type=\"widget\" data-widget_type=\"shortcode.default\">\n\t\t\t\t<div class=\"elementor-widget-container\">\n\t\t\t\t\t\t\t<div class=\"elementor-shortcode\">\n    <div class=\"just-services-wrap\">\n    \n    \n            <div class=\"just-services__service\">\n                <div class=\"just-services__service-header-wrap just-services__service-header-wrap-light-brown\">\n                    <h3 class=\"just-services__service-header\">Op\u0161ta hirurgija<\/h3>\n                <\/div>\n                <div class=\"just-services__service-body\">\n                    <ul class=\"just-services__list-wrap\">\n\n                        \n                    <li><a href='' data-product-price=''>Plasiranje Baronovih ligatura<\/a><\/li>\n                    \n                                \n                    <li><a href='' data-product-price=''>Operacija analne fistule<\/a><\/li>\n                    \n                                \n                    <li><a href='' data-product-price=''>Operacija analne fisure<\/a><\/li>\n                    \n                                \n                    <li><a href='' data-product-price=''>Operacija pilonidalnog sinusa<\/a><\/li>\n                    \n                                \n                    <li><a href='' data-product-price=''>Hemoroidektomija THD<\/a><\/li>\n                    \n                                \n                    <li><a href='' data-product-price=''>Hemoroidektomija Morgan-Milligan<\/a><\/li>\n                    \n                                \n                    <li><a href='' data-product-price=''>Male intervencije u analgosedaciji<\/a><\/li>\n                    \n                                \n                    <li><a href='' data-product-price=''>Male intervencije u lokalnoj anesteziji<\/a><\/li>\n                    \n                                \n                    <li><a href='' data-product-price=''>Obrada opekotina<\/a><\/li>\n                    \n                                \n                    <li><a href='' data-product-price=''>Previjanje rane<\/a><\/li>\n                    \n                                \n                    <li><a href='' data-product-price=''>Obrada rane<\/a><\/li>\n                    \n                                \n                    <li><a href='' data-product-price=''>\u0160ivenje rane<\/a><\/li>\n                    \n                    \n                    <\/ul>\n                <\/div>\n            <\/div>\n\n        \n            <div class=\"just-services__service\">\n                <div class=\"just-services__service-header-wrap just-services__service-header-wrap-grey\">\n                    <h3 class=\"just-services__service-header\">Abdominalna hirurgija<\/h3>\n                <\/div>\n                <div class=\"just-services__service-body\">\n                    <ul class=\"just-services__list-wrap\">\n\n                        \n                    <li><a href='' data-product-price=''>Ileus<\/a><\/li>\n                    \n                                \n                    <li><a href='' data-product-price=''>Holecistektomija, holedoholitotomija, T-drainage<\/a><\/li>\n                    \n                                \n                    <li><a href='' data-product-price=''>Holecistektomija laparoskopska<\/a><\/li>\n                    \n                                \n                    <li><a href='' data-product-price=''>Holecistektomija<\/a><\/li>\n                    \n                                \n                    <li><a href='' data-product-price=''>Resekcija prostih cista jetre &#8211; laparoskopska<\/a><\/li>\n                    \n                                \n                    <li><a href='' data-product-price=''>Splenektomija<\/a><\/li>\n                    \n                                \n                    <li><a href='' data-product-price=''>Enterostomija<\/a><\/li>\n                    \n                                \n                    <li><a href='' data-product-price=''>Zatvaranje kolostome bipolarne<\/a><\/li>\n                    \n                                \n                    <li><a href='' data-product-price=''>Zatvaranje terminalne kolostome sa rekonstrukcijom<\/a><\/li>\n                    \n                                \n                    <li><a href='' data-product-price=''>Kolostomija<\/a><\/li>\n                    \n                                \n                    <li><a href='' data-product-price=''>Resekcija tankog creva sa anastomozom<\/a><\/li>\n                    \n                                \n                    <li><a href='' data-product-price=''>Resekcija kolona &#8211; laparoskopska<\/a><\/li>\n                    \n                                \n                    <li><a href='' data-product-price=''>Resekcija kolona &#8211; laparotomska<\/a><\/li>\n                    \n                    \n                    <\/ul>\n                <\/div>\n            <\/div>\n\n        \n            <div class=\"just-services__service\">\n                <div class=\"just-services__service-header-wrap just-services__service-header-wrap-blue\">\n                    <h3 class=\"just-services__service-header\">Urgentna hirurgija<\/h3>\n                <\/div>\n                <div class=\"just-services__service-body\">\n                    <ul class=\"just-services__list-wrap\">\n\n                        \n                    <li><a href='' data-product-price=''>Ileus<\/a><\/li>\n                    \n                                \n                    <li><a href='' data-product-price=''>Akutni abdomen &#8211; eksploracija<\/a><\/li>\n                    \n                                \n                    <li><a href='' data-product-price=''>Akutna holecistektomija<\/a><\/li>\n                    \n                                \n                    <li><a href='' data-product-price=''>Apendektomija laparoskopska<\/a><\/li>\n                    \n                                \n                    <li><a href='' data-product-price=''>Apendektomija<\/a><\/li>\n                    \n                    \n                    <\/ul>\n                <\/div>\n            <\/div>\n\n        \n            <div class=\"just-services__service\">\n                <div class=\"just-services__service-header-wrap just-services__service-header-wrap-grey\">\n                    <h3 class=\"just-services__service-header\">Hirurgija kila<\/h3>\n                <\/div>\n                <div class=\"just-services__service-body\">\n                    <ul class=\"just-services__list-wrap\">\n\n                        \n                    <li><a href='' data-product-price=''>Operacija ingvinalne hernije<\/a><\/li>\n                    \n                                \n                    <li><a href='' data-product-price=''>Operacija femoralne hernije<\/a><\/li>\n                    \n                                \n                    <li><a href='' data-product-price=''>Operacija umbilikalne hernije<\/a><\/li>\n                    \n                                \n                    <li><a href='' data-product-price=''>Operacija ventralne hernije<\/a><\/li>\n                    \n                    \n                    <\/ul>\n                <\/div>\n            <\/div>\n\n        \n            <div class=\"just-services__service\">\n                <div class=\"just-services__service-header-wrap just-services__service-header-wrap-blue\">\n                    <h3 class=\"just-services__service-header\">Dijagnosti\u010dke procedure<\/h3>\n                <\/div>\n                <div class=\"just-services__service-body\">\n                    <ul class=\"just-services__list-wrap\">\n\n                        \n                    <li><a href='' data-product-price=''>Laparoskopske biopsije<\/a><\/li>\n                    \n                    \n                    <\/ul>\n                <\/div>\n            <\/div>\n\n        \n            <div class=\"just-services__service\">\n                <div class=\"just-services__service-header-wrap just-services__service-header-wrap-light-brown\">\n                    <h3 class=\"just-services__service-header\">Ostale usluge<\/h3>\n                <\/div>\n                <div class=\"just-services__service-body\">\n                    <ul class=\"just-services__list-wrap\">\n\n                        \n                    <li><a href='' data-product-price=''>Bolni\u010dki dan &#8211; intezivna nega<\/a><\/li>\n                    \n                                \n                    <li><a href='' data-product-price=''>Bolni\u010dki dan<\/a><\/li>\n                    \n                    \n                    <\/ul>\n                <\/div>\n            <\/div>\n\n        \n    <!-- Main Wrapper End-->\n    <\/div>\n\n    <\/div>\n\t\t\t\t\t\t<\/div>\n\t\t\t\t<\/div>\n\t\t\t\t\t<\/div>\n\t\t<\/div>\n\t\t\t\t\t<\/div>\n\t\t<\/section>\n\t\t\t\t<\/div>\n\t\t","protected":false},"excerpt":{"rendered":"<p>Hirurgija Hirurgija u BioCell Hospital obuhvata op\u0161tu hirurgiju, abdominalnu, barijatrijsku i urolo\u0161ku hirurgiju, hirurgiju kila, kao i dijagnosti\u010dke procedure. Pored klasi\u010dne hirurgije, kod nas je dostupna i minimalno invazivna hirurgija koja, uz gotovo nevidljive o\u017eiljke, zna\u010dajno smanjuje postoperativni bol i vreme oporavka.<\/p>\n","protected":false},"author":2,"featured_media":0,"parent":3472,"menu_order":0,"comment_status":"closed","ping_status":"closed","template":"","meta":{"_acf_changed":false,"footnotes":""},"class_list":["post-4057","page","type-page","status-publish","hentry"],"acf":[],"_links":{"self":[{"href":"https:\/\/dev1.strawhost.net\/biocell\/wp-json\/wp\/v2\/pages\/4057","targetHints":{"allow":["GET"]}}],"collection":[{"href":"https:\/\/dev1.strawhost.net\/biocell\/wp-json\/wp\/v2\/pages"}],"about":[{"href":"https:\/\/dev1.strawhost.net\/biocell\/wp-json\/wp\/v2\/types\/page"}],"author":[{"embeddable":true,"href":"https:\/\/dev1.strawhost.net\/biocell\/wp-json\/wp\/v2\/users\/2"}],"replies":[{"embeddable":true,"href":"https:\/\/dev1.strawhost.net\/biocell\/wp-json\/wp\/v2\/comments?post=4057"}],"version-history":[{"count":0,"href":"https:\/\/dev1.strawhost.net\/biocell\/wp-json\/wp\/v2\/pages\/4057\/revisions"}],"up":[{"embeddable":true,"href":"https:\/\/dev1.strawhost.net\/biocell\/wp-json\/wp\/v2\/pages\/3472"}],"wp:attachment":[{"href":"https:\/\/dev1.strawhost.net\/biocell\/wp-json\/wp\/v2\/media?parent=4057"}],"curies":[{"name":"wp","href":"https:\/\/api.w.org\/{rel}","templated":true}]}}