{"id":4059,"date":"2022-05-14T13:07:15","date_gmt":"2022-05-14T11:07:15","guid":{"rendered":"https:\/\/dev1.strawhost.net\/biocell\/?page_id=4059"},"modified":"2022-06-23T15:09:59","modified_gmt":"2022-06-23T13:09:59","slug":"ginekologija","status":"publish","type":"page","link":"https:\/\/dev1.strawhost.net\/biocell\/usluge-i-specijalnosti\/ginekologija\/","title":{"rendered":"Ginekologija"},"content":{"rendered":"\t\t<div data-elementor-type=\"wp-page\" data-elementor-id=\"4059\" class=\"elementor elementor-4059\" data-elementor-post-type=\"page\">\n\t\t\t\t\t\t<section class=\"elementor-section elementor-top-section elementor-element elementor-element-ee3198d elementor-section-boxed elementor-section-height-default elementor-section-height-default\" data-id=\"ee3198d\" data-element_type=\"section\" data-e-type=\"section\" data-settings=\"{&quot;background_background&quot;:&quot;classic&quot;}\">\n\t\t\t\t\t\t<div class=\"elementor-container elementor-column-gap-no\">\n\t\t\t\t\t<div class=\"elementor-column elementor-col-50 elementor-top-column elementor-element elementor-element-673e759 biocell-herobox-col biocell-herobox-col-order\" data-id=\"673e759\" data-element_type=\"column\" data-e-type=\"column\" data-settings=\"{&quot;background_background&quot;:&quot;classic&quot;}\">\n\t\t\t<div class=\"elementor-widget-wrap elementor-element-populated\">\n\t\t\t\t\t\t<div class=\"elementor-element elementor-element-9f8bd42 elementor-widget elementor-widget-heading\" data-id=\"9f8bd42\" data-element_type=\"widget\" data-e-type=\"widget\" data-widget_type=\"heading.default\">\n\t\t\t\t<div class=\"elementor-widget-container\">\n\t\t\t\t\t<h2 class=\"elementor-heading-title elementor-size-default\">Ginekologija<\/h2>\t\t\t\t<\/div>\n\t\t\t\t<\/div>\n\t\t\t\t<div class=\"elementor-element elementor-element-f441d13 elementor-widget elementor-widget-text-editor\" data-id=\"f441d13\" data-element_type=\"widget\" data-e-type=\"widget\" data-widget_type=\"text-editor.default\">\n\t\t\t\t<div class=\"elementor-widget-container\">\n\t\t\t\t\t\t\t\t\t<p>Ginekolo\u0161ke usluge u BioCell Hospital \u010dini \u010ditav spektar procedura, od pripreme za za\u010de\u0107e do poro\u0111aja: pregledi, le\u010denje steriliteta, vantelesna oplodnja, prenatalni skrining, vo\u0111enje trudno\u0107e i porodili\u0161te. Uz pomo\u0107 klasi\u010dne i laparoskopske hirurgije, le\u010de se brojne ginekolo\u0161ke bolesti i stanja.<\/p>\t\t\t\t\t\t\t\t<\/div>\n\t\t\t\t<\/div>\n\t\t\t\t\t<\/div>\n\t\t<\/div>\n\t\t\t\t<div class=\"elementor-column elementor-col-50 elementor-top-column elementor-element elementor-element-3531a7f biocell-herobox-col elementor-hidden-tablet elementor-hidden-mobile\" data-id=\"3531a7f\" data-element_type=\"column\" data-e-type=\"column\">\n\t\t\t<div class=\"elementor-widget-wrap elementor-element-populated\">\n\t\t\t\t\t\t<div class=\"elementor-element elementor-element-c2cebf4 elementor-widget elementor-widget-image\" data-id=\"c2cebf4\" data-element_type=\"widget\" data-e-type=\"widget\" data-widget_type=\"image.default\">\n\t\t\t\t<div class=\"elementor-widget-container\">\n\t\t\t\t\t\t\t\t\t\t\t\t\t\t\t<img decoding=\"async\" src=\"https:\/\/dev1.strawhost.net\/biocell\/wp-content\/uploads\/2022\/06\/Image.png\" title=\"Image\" alt=\"Image\" loading=\"lazy\" \/>\t\t\t\t\t\t\t\t\t\t\t\t\t\t\t<\/div>\n\t\t\t\t<\/div>\n\t\t\t\t\t<\/div>\n\t\t<\/div>\n\t\t\t\t\t<\/div>\n\t\t<\/section>\n\t\t\t\t<section class=\"elementor-section elementor-top-section elementor-element elementor-element-6f9c0d6 biocell-grid-bg elementor-section-boxed elementor-section-height-default elementor-section-height-default\" data-id=\"6f9c0d6\" data-element_type=\"section\" data-e-type=\"section\" data-settings=\"{&quot;background_background&quot;:&quot;classic&quot;}\">\n\t\t\t\t\t\t<div class=\"elementor-container elementor-column-gap-no\">\n\t\t\t\t\t<div class=\"elementor-column elementor-col-100 elementor-top-column elementor-element elementor-element-9dff5d6\" data-id=\"9dff5d6\" data-element_type=\"column\" data-e-type=\"column\">\n\t\t\t<div class=\"elementor-widget-wrap elementor-element-populated\">\n\t\t\t\t\t\t<div class=\"elementor-element elementor-element-5ca24cd elementor-widget elementor-widget-shortcode\" data-id=\"5ca24cd\" data-element_type=\"widget\" data-e-type=\"widget\" data-widget_type=\"shortcode.default\">\n\t\t\t\t<div class=\"elementor-widget-container\">\n\t\t\t\t\t\t\t<div class=\"elementor-shortcode\">\n    <div class=\"just-services-wrap\">\n    \n    \n            <div class=\"just-services__service\">\n                <div class=\"just-services__service-header-wrap just-services__service-header-wrap-light-brown\">\n                    <h3 class=\"just-services__service-header\">Ginekolo\u0161ki pregledi<\/h3>\n                <\/div>\n                <div class=\"just-services__service-body\">\n                    <ul class=\"just-services__list-wrap\">\n\n                        \n                    <li><a href='' data-product-price=''>Pregled specijaliste ginekologije i aku\u0161erstva<\/a><\/li>\n                    \n                                \n                    <li><a href='' data-product-price=''>Specijalisti\u010dki pregled prof. dr Aleksandra Ljubi\u0107a<\/a><\/li>\n                    \n                                \n                    <li><a href='' data-product-price=''>Pregled supspecijaliste ginekologije i aku\u0161erstva<\/a><\/li>\n                    \n                                \n                    <li><a href='' data-product-price=''>Pregled specijaliste ginekologije i aku\u0161erstva &#8211; profesor univerziteta<\/a><\/li>\n                    \n                                \n                    <li><a href='' data-product-price=''>Kontrolni pregled specijaliste ginekologije i aku\u0161erstva<\/a><\/li>\n                    \n                                \n                    <li><a href='' data-product-price=''>Kontrolni pregled supspecijaliste ginekologije i aku\u0161erstva<\/a><\/li>\n                    \n                                \n                    <li><a href='' data-product-price=''>Kontrolni pregled specijaliste ginekologije i aku\u0161erstva &#8211; profesor univerziteta<\/a><\/li>\n                    \n                                \n                    <li><a href='' data-product-price=''>Ginekolo\u0161ki pregled, kolposkopija i ultrazvuk<\/a><\/li>\n                    \n                                \n                    <li><a href='' data-product-price=''>Ginekolo\u0161ki ultrazvu\u010dni pregled<\/a><\/li>\n                    \n                                \n                    <li><a href='' data-product-price=''>Ginekolo\u0161ki 4D ultrazvu\u010dni pregled<\/a><\/li>\n                    \n                    \n                    <\/ul>\n                <\/div>\n            <\/div>\n\n        \n            <div class=\"just-services__service\">\n                <div class=\"just-services__service-header-wrap just-services__service-header-wrap-grey\">\n                    <h3 class=\"just-services__service-header\">Ginekolo\u0161ka hirurgija<\/h3>\n                <\/div>\n                <div class=\"just-services__service-body\">\n                    <ul class=\"just-services__list-wrap\">\n\n                                <li class=\"just_services__list-category-header just-services__sub-category-parent\"><span>Laparoskopske operacije<\/span>\n                        <ul class=\"just-services__list-wrap just-services__sublist-wrap\">\n                    \n                                \n                        <li><a  href='' data-product-price=''>Laparoskopija &#8211; operativna<\/a><\/li>\n                        \n                                    \n                        <li><a  href='' data-product-price=''>Laparoskopija &#8211; dijagnosti\u010dka<\/a><\/li>\n                        \n                                                \n                        <\/ul>\n                    <\/li>\n\n                                    <li class=\"just_services__list-category-header just-services__sub-category-parent\"><span>Ostale intervencije<\/span>\n                        <ul class=\"just-services__list-wrap just-services__sublist-wrap\">\n                    \n                                \n                        <li><a  href='' data-product-price=''>Elektrofiziolo\u0161ko snimanje u ginekologiji i aku\u0161erstvu &#8211; kardiotokografija<\/a><\/li>\n                        \n                                    \n                        <li><a  href='' data-product-price=''>Histopatolo\u0161ki materijal<\/a><\/li>\n                        \n                                    \n                        <li><a  href='' data-product-price=''>Biopsija vagine<\/a><\/li>\n                        \n                                    \n                        <li><a  href='' data-product-price=''>Polipektomija &#8211; lokalna anestezija<\/a><\/li>\n                        \n                                    \n                        <li><a  href='' data-product-price=''>Punkcija ciste<\/a><\/li>\n                        \n                                    \n                        <li><a  href='' data-product-price=''>Biopsija grli\u0107a materice &#8211; lokalna anestezija<\/a><\/li>\n                        \n                                    \n                        <li><a  href='' data-product-price=''>Medikamentozni prekid trudno\u0107e<\/a><\/li>\n                        \n                                    \n                        <li><a  href='' data-product-price=''>Uklanjanje kondiloma &#8211; manja regija<\/a><\/li>\n                        \n                                    \n                        <li><a  href='' data-product-price=''>Dilatacija grli\u0107a materice<\/a><\/li>\n                        \n                                    \n                        <li><a  href='' data-product-price=''>Incizija Bartolonijeve \u017elezde u lokalnoj anasteziji<\/a><\/li>\n                        \n                                    \n                        <li><a  href='' data-product-price=''>Laparoskopska histerektomija sa obostranom adneksektomijom<\/a><\/li>\n                        \n                                    \n                        <li><a  href='' data-product-price=''>Histeroskopska miomektomija<\/a><\/li>\n                        \n                                    \n                        <li><a  href='' data-product-price=''>Histeroskopija operativna (polip, septum)<\/a><\/li>\n                        \n                                    \n                        <li><a  href='' data-product-price=''>Konizacija grli\u0107a materice &#8211; op\u0161ta anestezija<\/a><\/li>\n                        \n                                    \n                        <li><a  href='' data-product-price=''>Prekid trudno\u0107e &#8211; op\u0161ta anestezija<\/a><\/li>\n                        \n                                    \n                        <li><a  href='' data-product-price=''>Biopsija grli\u0107a materice &#8211; op\u0161ta anestezija<\/a><\/li>\n                        \n                                    \n                        <li><a  href='' data-product-price=''>Serkla\u017e<\/a><\/li>\n                        \n                                    \n                        <li><a  href='' data-product-price=''>Embrioredukcija<\/a><\/li>\n                        \n                                    \n                        <li><a  href='' data-product-price=''>Kordocenteza &#8211; CC<\/a><\/li>\n                        \n                                    \n                        <li><a  href='' data-product-price=''>Biopsija horiona u blizana\u010dkoj trudno\u0107i &#8211; druga beba<\/a><\/li>\n                        \n                                    \n                        <li><a  href='' data-product-price=''>Biopsija horiona &#8211; CVS<\/a><\/li>\n                        \n                                    \n                        <li><a  href='' data-product-price=''>Polipektomija &#8211; op\u0161ta anestezija<\/a><\/li>\n                        \n                                    \n                        <li><a  href='' data-product-price=''>Aplikacija\/uklanjanje spirale<\/a><\/li>\n                        \n                                                \n                        <\/ul>\n                    <\/li>\n\n                \n                    <\/ul>\n                <\/div>\n            <\/div>\n\n        \n            <div class=\"just-services__service\">\n                <div class=\"just-services__service-header-wrap just-services__service-header-wrap-blue\">\n                    <h3 class=\"just-services__service-header\">Ostale usluge<\/h3>\n                <\/div>\n                <div class=\"just-services__service-body\">\n                    <ul class=\"just-services__list-wrap\">\n\n                        \n                    <li><a href='' data-product-price=''>Bolni\u010dki dan za porodilju sa negom bebe<\/a><\/li>\n                    \n                                \n                    <li><a href='' data-product-price=''>Bolni\u010dki dan &#8211; intezivna nega<\/a><\/li>\n                    \n                                \n                    <li><a href='' data-product-price=''>Bolni\u010dki dan<\/a><\/li>\n                    \n                    \n                    <\/ul>\n                <\/div>\n            <\/div>\n\n        \n            <div class=\"just-services__service\">\n                <div class=\"just-services__service-header-wrap just-services__service-header-wrap-grey\">\n                    <h3 class=\"just-services__service-header\">Porodili\u0161te<\/h3>\n                <\/div>\n                <div class=\"just-services__service-body\">\n                    <ul class=\"just-services__list-wrap\">\n\n                                <li class=\"just_services__list-category-header just-services__sub-category-parent\"><span>Poro\u0111aj<\/span>\n                        <ul class=\"just-services__list-wrap just-services__sublist-wrap\">\n                    \n                                \n                        <li><a  href='' data-product-price=''>Bioporo\u0111aj &#8211; blizanci<\/a><\/li>\n                        \n                                    \n                        <li><a  href='' data-product-price=''>Bioporo\u0111aj<\/a><\/li>\n                        \n                                    \n                        <li><a  href='' data-product-price=''>Klasi\u010dan poro\u0111aj prirodnim putem &#8211; blizanci<\/a><\/li>\n                        \n                                    \n                        <li><a  href='' data-product-price=''>Prisustvo oca na poro\u0111aju<\/a><\/li>\n                        \n                                    \n                        <li><a  href='' data-product-price=''>Carski rez &#8211; blizanci (Sectio caesarea &#8211; gemelli)<\/a><\/li>\n                        \n                                    \n                        <li><a  href='' data-product-price=''>Carski rez &#8211; Sectio caesarea<\/a><\/li>\n                        \n                                    \n                        <li><a  href='' data-product-price=''>Klasi\u010dan poro\u0111aj prirodnim putem<\/a><\/li>\n                        \n                                                \n                        <\/ul>\n                    <\/li>\n\n                                    <li class=\"just_services__list-category-header just-services__sub-category-parent\"><span>Vo\u0111enje trudno\u0107e<\/span>\n                        <ul class=\"just-services__list-wrap just-services__sublist-wrap\">\n                    \n                                \n                        <li><a  href='' data-product-price=''>Prekid trudno\u0107e vakuum aspiracijom<\/a><\/li>\n                        \n                                    \n                        <li><a  href='' data-product-price=''>Konzilijum za fetalne bolesti<\/a><\/li>\n                        \n                                    \n                        <li><a  href='' data-product-price=''>Amniocenteza u blizana\u010dkoj trudno\u0107i &#8211; druga beba<\/a><\/li>\n                        \n                                    \n                        <li><a  href='' data-product-price=''>Amniocenteza &#8211; AC<\/a><\/li>\n                        \n                                    \n                        <li><a  href='' data-product-price=''>Fetalna ehokardiografija<\/a><\/li>\n                        \n                                                \n                        <\/ul>\n                    <\/li>\n\n                \n                    <\/ul>\n                <\/div>\n            <\/div>\n\n        \n    <!-- Main Wrapper End-->\n    <\/div>\n\n    <\/div>\n\t\t\t\t\t\t<\/div>\n\t\t\t\t<\/div>\n\t\t\t\t\t<\/div>\n\t\t<\/div>\n\t\t\t\t\t<\/div>\n\t\t<\/section>\n\t\t\t\t<\/div>\n\t\t","protected":false},"excerpt":{"rendered":"<p>Ginekologija Ginekolo\u0161ke usluge u BioCell Hospital \u010dini \u010ditav spektar procedura, od pripreme za za\u010de\u0107e do poro\u0111aja: pregledi, le\u010denje steriliteta, vantelesna oplodnja, prenatalni skrining, vo\u0111enje trudno\u0107e i porodili\u0161te. Uz pomo\u0107 klasi\u010dne i laparoskopske hirurgije, le\u010de se brojne ginekolo\u0161ke bolesti i stanja.<\/p>\n","protected":false},"author":2,"featured_media":0,"parent":3472,"menu_order":0,"comment_status":"closed","ping_status":"closed","template":"","meta":{"_acf_changed":false,"footnotes":""},"class_list":["post-4059","page","type-page","status-publish","hentry"],"acf":[],"_links":{"self":[{"href":"https:\/\/dev1.strawhost.net\/biocell\/wp-json\/wp\/v2\/pages\/4059","targetHints":{"allow":["GET"]}}],"collection":[{"href":"https:\/\/dev1.strawhost.net\/biocell\/wp-json\/wp\/v2\/pages"}],"about":[{"href":"https:\/\/dev1.strawhost.net\/biocell\/wp-json\/wp\/v2\/types\/page"}],"author":[{"embeddable":true,"href":"https:\/\/dev1.strawhost.net\/biocell\/wp-json\/wp\/v2\/users\/2"}],"replies":[{"embeddable":true,"href":"https:\/\/dev1.strawhost.net\/biocell\/wp-json\/wp\/v2\/comments?post=4059"}],"version-history":[{"count":0,"href":"https:\/\/dev1.strawhost.net\/biocell\/wp-json\/wp\/v2\/pages\/4059\/revisions"}],"up":[{"embeddable":true,"href":"https:\/\/dev1.strawhost.net\/biocell\/wp-json\/wp\/v2\/pages\/3472"}],"wp:attachment":[{"href":"https:\/\/dev1.strawhost.net\/biocell\/wp-json\/wp\/v2\/media?parent=4059"}],"curies":[{"name":"wp","href":"https:\/\/api.w.org\/{rel}","templated":true}]}}