{"id":4061,"date":"2022-05-14T13:07:31","date_gmt":"2022-05-14T11:07:31","guid":{"rendered":"https:\/\/dev1.strawhost.net\/biocell\/?page_id=4061"},"modified":"2022-06-23T16:46:33","modified_gmt":"2022-06-23T14:46:33","slug":"interna-medicina","status":"publish","type":"page","link":"https:\/\/dev1.strawhost.net\/biocell\/usluge-i-specijalnosti\/interna-medicina\/","title":{"rendered":"Interna medicina"},"content":{"rendered":"\t\t<div data-elementor-type=\"wp-page\" data-elementor-id=\"4061\" class=\"elementor elementor-4061\" data-elementor-post-type=\"page\">\n\t\t\t\t\t\t<section class=\"elementor-section elementor-top-section elementor-element elementor-element-db1d9fd elementor-section-boxed elementor-section-height-default elementor-section-height-default\" data-id=\"db1d9fd\" data-element_type=\"section\" data-e-type=\"section\" data-settings=\"{&quot;background_background&quot;:&quot;classic&quot;}\">\n\t\t\t\t\t\t<div class=\"elementor-container elementor-column-gap-no\">\n\t\t\t\t\t<div class=\"elementor-column elementor-col-50 elementor-top-column elementor-element elementor-element-c470c45 biocell-herobox-col biocell-herobox-col-order\" data-id=\"c470c45\" data-element_type=\"column\" data-e-type=\"column\" data-settings=\"{&quot;background_background&quot;:&quot;classic&quot;}\">\n\t\t\t<div class=\"elementor-widget-wrap elementor-element-populated\">\n\t\t\t\t\t\t<div class=\"elementor-element elementor-element-ead77de elementor-widget elementor-widget-heading\" data-id=\"ead77de\" data-element_type=\"widget\" data-e-type=\"widget\" data-widget_type=\"heading.default\">\n\t\t\t\t<div class=\"elementor-widget-container\">\n\t\t\t\t\t<h2 class=\"elementor-heading-title elementor-size-default\">Interna medicina<\/h2>\t\t\t\t<\/div>\n\t\t\t\t<\/div>\n\t\t\t\t<div class=\"elementor-element elementor-element-d8312f7 elementor-widget elementor-widget-text-editor\" data-id=\"d8312f7\" data-element_type=\"widget\" data-e-type=\"widget\" data-widget_type=\"text-editor.default\">\n\t\t\t\t<div class=\"elementor-widget-container\">\n\t\t\t\t\t\t\t\t\t<p style=\"font-weight: 400;\">Interna medicina se bavi prevencijom, dijagnostikom i nehirur\u0161kim le\u010denjem bolesti i stanja razli\u010ditih pojedina\u010dnih unutra\u0161njih organa i tkiva, ali i sistemskih bolesti vi\u0161e organa i tkiva, kod odraslih osoba.\u00a0<\/p>\t\t\t\t\t\t\t\t<\/div>\n\t\t\t\t<\/div>\n\t\t\t\t\t<\/div>\n\t\t<\/div>\n\t\t\t\t<div class=\"elementor-column elementor-col-50 elementor-top-column elementor-element elementor-element-e8f70c0 biocell-herobox-col elementor-hidden-tablet elementor-hidden-mobile\" data-id=\"e8f70c0\" data-element_type=\"column\" data-e-type=\"column\">\n\t\t\t<div class=\"elementor-widget-wrap elementor-element-populated\">\n\t\t\t\t\t\t<div class=\"elementor-element elementor-element-447cb35 elementor-widget elementor-widget-image\" data-id=\"447cb35\" data-element_type=\"widget\" data-e-type=\"widget\" data-widget_type=\"image.default\">\n\t\t\t\t<div class=\"elementor-widget-container\">\n\t\t\t\t\t\t\t\t\t\t\t\t\t\t\t<img decoding=\"async\" src=\"https:\/\/dev1.strawhost.net\/biocell\/wp-content\/uploads\/2022\/06\/Image.png\" title=\"Image\" alt=\"Image\" loading=\"lazy\" \/>\t\t\t\t\t\t\t\t\t\t\t\t\t\t\t<\/div>\n\t\t\t\t<\/div>\n\t\t\t\t\t<\/div>\n\t\t<\/div>\n\t\t\t\t\t<\/div>\n\t\t<\/section>\n\t\t\t\t<section class=\"elementor-section elementor-top-section elementor-element elementor-element-a1a9e40 biocell-grid-bg elementor-section-boxed elementor-section-height-default elementor-section-height-default\" data-id=\"a1a9e40\" data-element_type=\"section\" data-e-type=\"section\" data-settings=\"{&quot;background_background&quot;:&quot;classic&quot;}\">\n\t\t\t\t\t\t<div class=\"elementor-container elementor-column-gap-no\">\n\t\t\t\t\t<div class=\"elementor-column elementor-col-100 elementor-top-column elementor-element elementor-element-932477a\" data-id=\"932477a\" data-element_type=\"column\" data-e-type=\"column\">\n\t\t\t<div class=\"elementor-widget-wrap elementor-element-populated\">\n\t\t\t\t\t\t<div class=\"elementor-element elementor-element-bc2b011 elementor-widget elementor-widget-shortcode\" data-id=\"bc2b011\" data-element_type=\"widget\" data-e-type=\"widget\" data-widget_type=\"shortcode.default\">\n\t\t\t\t<div class=\"elementor-widget-container\">\n\t\t\t\t\t\t\t<div class=\"elementor-shortcode\">\n    <div class=\"just-services-wrap\">\n    \n    \n            <div class=\"just-services__service\">\n                <div class=\"just-services__service-header-wrap just-services__service-header-wrap-light-brown\">\n                    <h3 class=\"just-services__service-header\">Pregledi<\/h3>\n                <\/div>\n                <div class=\"just-services__service-body\">\n                    <ul class=\"just-services__list-wrap\">\n\n                        \n                    <li><a href='' data-product-price=''>Specijalisti\u010dki pregled &#8211; internista<\/a><\/li>\n                    \n                                \n                    <li><a href='' data-product-price=''>Kontrolni supspecijalisti\u010dki pregled<\/a><\/li>\n                    \n                    \n                    <\/ul>\n                <\/div>\n            <\/div>\n\n        \n            <div class=\"just-services__service\">\n                <div class=\"just-services__service-header-wrap just-services__service-header-wrap-grey\">\n                    <h3 class=\"just-services__service-header\">Kardiologija\u00a0<\/h3>\n                <\/div>\n                <div class=\"just-services__service-body\">\n                    <ul class=\"just-services__list-wrap\">\n\n                        \n                    <li><a href='' data-product-price=''>Supspecijalisti\u010dki prvi pregled &#8211; kardiolog<\/a><\/li>\n                    \n                                \n                    <li><a href='' data-product-price=''>Ultrazvuk srca sa color dopplerom<\/a><\/li>\n                    \n                                \n                    <li><a href='' data-product-price=''>Holter krvnog pritiska 24 h<\/a><\/li>\n                    \n                                \n                    <li><a href='' data-product-price=''>Holter EKG 24 h<\/a><\/li>\n                    \n                                \n                    <li><a href='' data-product-price=''>Pregled kardiologa sa EKG-om<\/a><\/li>\n                    \n                    \n                    <\/ul>\n                <\/div>\n            <\/div>\n\n        \n            <div class=\"just-services__service\">\n                <div class=\"just-services__service-header-wrap just-services__service-header-wrap-blue\">\n                    <h3 class=\"just-services__service-header\">Pulmologija<\/h3>\n                <\/div>\n                <div class=\"just-services__service-body\">\n                    <ul class=\"just-services__list-wrap\">\n\n                        \n                    <li><a href='' data-product-price=''>Supspecijalisti\u010dki prvi pregled &#8211; pulmolog<\/a><\/li>\n                    \n                    \n                    <\/ul>\n                <\/div>\n            <\/div>\n\n        \n            <div class=\"just-services__service\">\n                <div class=\"just-services__service-header-wrap just-services__service-header-wrap-grey\">\n                    <h3 class=\"just-services__service-header\">Endokrinologija<\/h3>\n                <\/div>\n                <div class=\"just-services__service-body\">\n                    <ul class=\"just-services__list-wrap\">\n\n                        \n                    <li><a href='' data-product-price=''>Supspecijalisti\u010dki prvi pregled &#8211; endokrinolog<\/a><\/li>\n                    \n                    \n                    <\/ul>\n                <\/div>\n            <\/div>\n\n        \n            <div class=\"just-services__service\">\n                <div class=\"just-services__service-header-wrap just-services__service-header-wrap-blue\">\n                    <h3 class=\"just-services__service-header\">Hematologija<\/h3>\n                <\/div>\n                <div class=\"just-services__service-body\">\n                    <ul class=\"just-services__list-wrap\">\n\n                        \n                    <li><a href='' data-product-price=''>Supspecijalisti\u010dki prvi pregled &#8211; hematolog<\/a><\/li>\n                    \n                    \n                    <\/ul>\n                <\/div>\n            <\/div>\n\n        \n            <div class=\"just-services__service\">\n                <div class=\"just-services__service-header-wrap just-services__service-header-wrap-light-brown\">\n                    <h3 class=\"just-services__service-header\">Reumatologija<\/h3>\n                <\/div>\n                <div class=\"just-services__service-body\">\n                    <ul class=\"just-services__list-wrap\">\n\n                        \n                    <li><a href='' data-product-price=''>Supspecijalisti\u010dki prvi pregled &#8211; reumatolog<\/a><\/li>\n                    \n                    \n                    <\/ul>\n                <\/div>\n            <\/div>\n\n        \n            <div class=\"just-services__service\">\n                <div class=\"just-services__service-header-wrap just-services__service-header-wrap-blue\">\n                    <h3 class=\"just-services__service-header\">Onkologija<\/h3>\n                <\/div>\n                <div class=\"just-services__service-body\">\n                    <ul class=\"just-services__list-wrap\">\n\n                                <li class=\"just_services__list-category-header just-services__sub-category-parent\"><span>Medikalna onkologija<\/span>\n                        <ul class=\"just-services__list-wrap just-services__sublist-wrap\">\n                    \n                                \n                        <li><a  href='' data-product-price=''>Transfuzija komponenti krvi &#8211; jedna (bez cene krvi)<\/a><\/li>\n                        \n                                    \n                        <li><a  href='' data-product-price=''>Transfuzija komponenti krvi &#8211; dve (bez cene krvi)<\/a><\/li>\n                        \n                                    \n                        <li><a  href='' data-product-price=''>Pleuralna punkcija<\/a><\/li>\n                        \n                                    \n                        <li><a  href='' data-product-price=''>Abdominalna punkcija (paracenteza)<\/a><\/li>\n                        \n                                    \n                        <li><a  href='' data-product-price=''>Biopsija karli\u010dne kosti u intravenskoj anesteziji<\/a><\/li>\n                        \n                                    \n                        <li><a  href='' data-product-price=''>Biopsija karli\u010dne kosti u lokalnoj anesteziji<\/a><\/li>\n                        \n                                    \n                        <li><a  href='' data-product-price=''>Sternalna punkcija bez citolo\u0161kog pregleda kostne sr\u017ei<\/a><\/li>\n                        \n                                    \n                        <li><a  href='' data-product-price=''>Intramuskularna injekcija simptomatske terapije (Filgrastim, analgetik, antibiotici)<\/a><\/li>\n                        \n                                    \n                        <li><a  href='' data-product-price=''>Infuzija simptomatske terapije (Fe, bisfosfonati, kortikosteroidi, antibiotici)<\/a><\/li>\n                        \n                                    \n                        <li><a  href='' data-product-price=''>Intravenska infuziona specifi\u010dna onkolo\u0161ka terapija &#8211; slo\u017eena<\/a><\/li>\n                        \n                                    \n                        <li><a  href='' data-product-price=''>Intravenska specifi\u010dna onkolo\u0161ka terapija &#8211; kratka<\/a><\/li>\n                        \n                                    \n                        <li><a  href='' data-product-price=''>Odre\u0111ivanje simptomatske i suportivne terapije pred primenu<\/a><\/li>\n                        \n                                    \n                        <li><a  href='' data-product-price=''>Odre\u0111ivanje specifi\u010dne onkolo\u0161ke medikamentozne terapije pred primenu<\/a><\/li>\n                        \n                                                \n                        <\/ul>\n                    <\/li>\n\n                \n                    <\/ul>\n                <\/div>\n            <\/div>\n\n        \n    <!-- Main Wrapper End-->\n    <\/div>\n\n    <\/div>\n\t\t\t\t\t\t<\/div>\n\t\t\t\t<\/div>\n\t\t\t\t\t<\/div>\n\t\t<\/div>\n\t\t\t\t\t<\/div>\n\t\t<\/section>\n\t\t\t\t<\/div>\n\t\t","protected":false},"excerpt":{"rendered":"<p>Interna medicina Interna medicina se bavi prevencijom, dijagnostikom i nehirur\u0161kim le\u010denjem bolesti i stanja razli\u010ditih pojedina\u010dnih unutra\u0161njih organa i tkiva, ali i sistemskih bolesti vi\u0161e organa i tkiva, kod odraslih osoba.\u00a0<\/p>\n","protected":false},"author":2,"featured_media":0,"parent":3472,"menu_order":0,"comment_status":"closed","ping_status":"closed","template":"","meta":{"_acf_changed":false,"footnotes":""},"class_list":["post-4061","page","type-page","status-publish","hentry"],"acf":[],"_links":{"self":[{"href":"https:\/\/dev1.strawhost.net\/biocell\/wp-json\/wp\/v2\/pages\/4061","targetHints":{"allow":["GET"]}}],"collection":[{"href":"https:\/\/dev1.strawhost.net\/biocell\/wp-json\/wp\/v2\/pages"}],"about":[{"href":"https:\/\/dev1.strawhost.net\/biocell\/wp-json\/wp\/v2\/types\/page"}],"author":[{"embeddable":true,"href":"https:\/\/dev1.strawhost.net\/biocell\/wp-json\/wp\/v2\/users\/2"}],"replies":[{"embeddable":true,"href":"https:\/\/dev1.strawhost.net\/biocell\/wp-json\/wp\/v2\/comments?post=4061"}],"version-history":[{"count":0,"href":"https:\/\/dev1.strawhost.net\/biocell\/wp-json\/wp\/v2\/pages\/4061\/revisions"}],"up":[{"embeddable":true,"href":"https:\/\/dev1.strawhost.net\/biocell\/wp-json\/wp\/v2\/pages\/3472"}],"wp:attachment":[{"href":"https:\/\/dev1.strawhost.net\/biocell\/wp-json\/wp\/v2\/media?parent=4061"}],"curies":[{"name":"wp","href":"https:\/\/api.w.org\/{rel}","templated":true}]}}