{"id":4065,"date":"2022-05-14T13:08:12","date_gmt":"2022-05-14T11:08:12","guid":{"rendered":"https:\/\/dev1.strawhost.net\/biocell\/?page_id=4065"},"modified":"2022-06-17T09:47:58","modified_gmt":"2022-06-17T07:47:58","slug":"ortopedija","status":"publish","type":"page","link":"https:\/\/dev1.strawhost.net\/biocell\/usluge-i-specijalnosti\/ortopedija\/","title":{"rendered":"Ortopedija"},"content":{"rendered":"\t\t<div data-elementor-type=\"wp-page\" data-elementor-id=\"4065\" class=\"elementor elementor-4065\" data-elementor-post-type=\"page\">\n\t\t\t\t\t\t<section class=\"elementor-section elementor-top-section elementor-element elementor-element-969d155 elementor-section-boxed elementor-section-height-default elementor-section-height-default\" data-id=\"969d155\" data-element_type=\"section\" data-e-type=\"section\" data-settings=\"{&quot;background_background&quot;:&quot;classic&quot;}\">\n\t\t\t\t\t\t<div class=\"elementor-container elementor-column-gap-no\">\n\t\t\t\t\t<div class=\"elementor-column elementor-col-50 elementor-top-column elementor-element elementor-element-e9bfc69 biocell-herobox-col biocell-herobox-col-order\" data-id=\"e9bfc69\" data-element_type=\"column\" data-e-type=\"column\" data-settings=\"{&quot;background_background&quot;:&quot;classic&quot;}\">\n\t\t\t<div class=\"elementor-widget-wrap elementor-element-populated\">\n\t\t\t\t\t\t<div class=\"elementor-element elementor-element-226220b elementor-widget elementor-widget-heading\" data-id=\"226220b\" data-element_type=\"widget\" data-e-type=\"widget\" data-widget_type=\"heading.default\">\n\t\t\t\t<div class=\"elementor-widget-container\">\n\t\t\t\t\t<h2 class=\"elementor-heading-title elementor-size-default\">Ortopedija<\/h2>\t\t\t\t<\/div>\n\t\t\t\t<\/div>\n\t\t\t\t<div class=\"elementor-element elementor-element-70f3fac elementor-widget elementor-widget-text-editor\" data-id=\"70f3fac\" data-element_type=\"widget\" data-e-type=\"widget\" data-widget_type=\"text-editor.default\">\n\t\t\t\t<div class=\"elementor-widget-container\">\n\t\t\t\t\t\t\t\t\t<p style=\"font-weight: 400;\">Na\u0161e odeljenje ortopedije opremljeno je za najprecizniju dijagnostiku i za najslo\u017eenije i najnaprednije procedure koje \u0107e pacijentima omogu\u0107iti efikasno le\u010denje \u010ditavog ko\u0161tano-zglobnog sistema. Zahvaljuju\u0107i vrhunskoj obu\u010denosti i velikom iskustvu na\u0161ih stru\u010dnjaka u ovoj oblasti, pacijenti sada mogu za kra\u0107e vreme i uz manje invazivne zahvate dobiti rezultate koji \u0107e im unaprediti zdravlje i kvalitet \u017eivota.<\/p>\t\t\t\t\t\t\t\t<\/div>\n\t\t\t\t<\/div>\n\t\t\t\t\t<\/div>\n\t\t<\/div>\n\t\t\t\t<div class=\"elementor-column elementor-col-50 elementor-top-column elementor-element elementor-element-2a59a37 biocell-herobox-col elementor-hidden-tablet elementor-hidden-mobile\" data-id=\"2a59a37\" data-element_type=\"column\" data-e-type=\"column\">\n\t\t\t<div class=\"elementor-widget-wrap elementor-element-populated\">\n\t\t\t\t\t\t<div class=\"elementor-element elementor-element-33733f5 elementor-widget elementor-widget-image\" data-id=\"33733f5\" data-element_type=\"widget\" data-e-type=\"widget\" data-widget_type=\"image.default\">\n\t\t\t\t<div class=\"elementor-widget-container\">\n\t\t\t\t\t\t\t\t\t\t\t\t\t\t\t<img decoding=\"async\" src=\"https:\/\/dev1.strawhost.net\/biocell\/wp-content\/uploads\/2022\/06\/Image.png\" title=\"Image\" alt=\"Image\" loading=\"lazy\" \/>\t\t\t\t\t\t\t\t\t\t\t\t\t\t\t<\/div>\n\t\t\t\t<\/div>\n\t\t\t\t\t<\/div>\n\t\t<\/div>\n\t\t\t\t\t<\/div>\n\t\t<\/section>\n\t\t\t\t<section class=\"elementor-section elementor-top-section elementor-element elementor-element-ea0dffe biocell-grid-bg elementor-section-boxed elementor-section-height-default elementor-section-height-default\" data-id=\"ea0dffe\" data-element_type=\"section\" data-e-type=\"section\" data-settings=\"{&quot;background_background&quot;:&quot;classic&quot;}\">\n\t\t\t\t\t\t<div class=\"elementor-container elementor-column-gap-no\">\n\t\t\t\t\t<div class=\"elementor-column elementor-col-100 elementor-top-column elementor-element elementor-element-5d5e773\" data-id=\"5d5e773\" data-element_type=\"column\" data-e-type=\"column\">\n\t\t\t<div class=\"elementor-widget-wrap elementor-element-populated\">\n\t\t\t\t\t\t<div class=\"elementor-element elementor-element-5e1461d elementor-widget elementor-widget-shortcode\" data-id=\"5e1461d\" data-element_type=\"widget\" data-e-type=\"widget\" data-widget_type=\"shortcode.default\">\n\t\t\t\t<div class=\"elementor-widget-container\">\n\t\t\t\t\t\t\t<div class=\"elementor-shortcode\">\n    <div class=\"just-services-wrap\">\n    \n            <div class=\"just-services__service\">\n            <div class=\"just-services__service-header-wrap\">\n                <h3 class=\"just-services__service-header\">Ortopedija<\/h3>\n            <\/div>\n            <div class=\"just-services__service-body\">\n                <ul class=\"just-services__list-wrap\">\n\n                    <li><a href='' data-product-price=''>Repozicija i fiksacija falangi<\/a><\/li>\n            \n                        <li><a href='' data-product-price=''>Le\u010denje preloma kostiju \u0161ake i prstiju<\/a><\/li>\n            \n                        <li><a href='' data-product-price=''>Le\u010denje preloma lakta i podlaktice<\/a><\/li>\n            \n                        <li><a href='' data-product-price=''>Le\u010denje preloma klju\u010dne kosti<\/a><\/li>\n            \n                        <li><a href='' data-product-price=''>Artroskopija ramena, lakta ili sko\u010dnog zgloba<\/a><\/li>\n            \n                        <li><a href='' data-product-price=''>Ligamentoplastika<\/a><\/li>\n            \n                        <li><a href='' data-product-price=''>Le\u010denje luksacije akromioklavikularnog zgloba<\/a><\/li>\n            \n                        <li><a href='' data-product-price=''>Stabilizacija ramena (Blankart)<\/a><\/li>\n            \n                        <li><a href='' data-product-price=''>Vertebroplastika<\/a><\/li>\n            \n                        <li><a href='' data-product-price=''>Perkutana arbo diskus dekompresija<\/a><\/li>\n            \n                        <li><a href='' data-product-price=''>Le\u010denje hallux valgusa<\/a><\/li>\n            \n                        <li><a href='' data-product-price=''>Le\u010denje preloma sko\u010dnog zgloba i stopala<\/a><\/li>\n            \n                        <li><a href='' data-product-price=''>Le\u010denje preloma sko\u010dnog zgloba &#8211; lateralni maleus<\/a><\/li>\n            \n                        <li><a href='' data-product-price=''>Le\u010denje preloma potkolenice<\/a><\/li>\n            \n                        <li><a href='' data-product-price=''>Le\u010denje preloma butne kosti<\/a><\/li>\n            \n                        <li><a href='' data-product-price=''>Osteotomija femura ili tibije<\/a><\/li>\n            \n                        <li><a href='' data-product-price=''>Le\u010denje pseudoartroze femura ili tibije<\/a><\/li>\n            \n                        <li><a href='' data-product-price=''>Eksplantacija proteze kuka sa postavljanjem cementnog spacera<\/a><\/li>\n            \n                        <li><a href='' data-product-price=''>Totalna proteza kuka<\/a><\/li>\n            \n                        <li><a href='' data-product-price=''>Parcijalna proteza kuka<\/a><\/li>\n            \n                        <li><a href='' data-product-price=''>Le\u010denje Ahilove tetive<\/a><\/li>\n            \n                        <li><a href='' data-product-price=''>Rekonstrukcija tetive kvadricepsa<\/a><\/li>\n            \n                        <li><a href='' data-product-price=''>Rekonstrukcija ligamenta patele<\/a><\/li>\n            \n                        <li><a href='' data-product-price=''>Artroskopija kolena (meniscus ili debridman)<\/a><\/li>\n            \n                        <li><a href='' data-product-price=''>Incizija, debridman, proto\u010dna drena\u017ea<\/a><\/li>\n            \n                    \n        <\/ul>\n        <\/div>\n        <\/div>\n\n        \n    <!-- Main Wrapper End-->\n    <\/div>\n\n    <\/div>\n\t\t\t\t\t\t<\/div>\n\t\t\t\t<\/div>\n\t\t\t\t\t<\/div>\n\t\t<\/div>\n\t\t\t\t\t<\/div>\n\t\t<\/section>\n\t\t\t\t<\/div>\n\t\t","protected":false},"excerpt":{"rendered":"<p>Ortopedija Na\u0161e odeljenje ortopedije opremljeno je za najprecizniju dijagnostiku i za najslo\u017eenije i najnaprednije procedure koje \u0107e pacijentima omogu\u0107iti efikasno le\u010denje \u010ditavog ko\u0161tano-zglobnog sistema. Zahvaljuju\u0107i vrhunskoj obu\u010denosti i velikom iskustvu na\u0161ih stru\u010dnjaka u ovoj oblasti, pacijenti sada mogu za kra\u0107e vreme i uz manje invazivne zahvate dobiti rezultate koji \u0107e im unaprediti zdravlje i kvalitet [&hellip;]<\/p>\n","protected":false},"author":2,"featured_media":0,"parent":3472,"menu_order":0,"comment_status":"closed","ping_status":"closed","template":"","meta":{"_acf_changed":false,"footnotes":""},"class_list":["post-4065","page","type-page","status-publish","hentry"],"acf":[],"_links":{"self":[{"href":"https:\/\/dev1.strawhost.net\/biocell\/wp-json\/wp\/v2\/pages\/4065","targetHints":{"allow":["GET"]}}],"collection":[{"href":"https:\/\/dev1.strawhost.net\/biocell\/wp-json\/wp\/v2\/pages"}],"about":[{"href":"https:\/\/dev1.strawhost.net\/biocell\/wp-json\/wp\/v2\/types\/page"}],"author":[{"embeddable":true,"href":"https:\/\/dev1.strawhost.net\/biocell\/wp-json\/wp\/v2\/users\/2"}],"replies":[{"embeddable":true,"href":"https:\/\/dev1.strawhost.net\/biocell\/wp-json\/wp\/v2\/comments?post=4065"}],"version-history":[{"count":0,"href":"https:\/\/dev1.strawhost.net\/biocell\/wp-json\/wp\/v2\/pages\/4065\/revisions"}],"up":[{"embeddable":true,"href":"https:\/\/dev1.strawhost.net\/biocell\/wp-json\/wp\/v2\/pages\/3472"}],"wp:attachment":[{"href":"https:\/\/dev1.strawhost.net\/biocell\/wp-json\/wp\/v2\/media?parent=4065"}],"curies":[{"name":"wp","href":"https:\/\/api.w.org\/{rel}","templated":true}]}}