{"id":5584,"date":"2022-05-31T15:58:02","date_gmt":"2022-05-31T13:58:02","guid":{"rendered":"https:\/\/dev1.strawhost.net\/biocell\/?page_id=5584"},"modified":"2022-06-23T13:05:53","modified_gmt":"2022-06-23T11:05:53","slug":"uslovi-koriscenja","status":"publish","type":"page","link":"https:\/\/dev1.strawhost.net\/biocell\/uslovi-koriscenja\/","title":{"rendered":"Uslovi kori\u0161\u0107enja"},"content":{"rendered":"\t\t<div data-elementor-type=\"wp-page\" data-elementor-id=\"5584\" class=\"elementor elementor-5584\" data-elementor-post-type=\"page\">\n\t\t\t\t\t\t<section class=\"elementor-section elementor-top-section elementor-element elementor-element-ee2d052 biocell-grid-bg elementor-section-boxed elementor-section-height-default elementor-section-height-default\" data-id=\"ee2d052\" data-element_type=\"section\" data-e-type=\"section\" data-settings=\"{&quot;background_background&quot;:&quot;classic&quot;}\">\n\t\t\t\t\t\t<div class=\"elementor-container elementor-column-gap-no\">\n\t\t\t\t\t<div class=\"elementor-column elementor-col-100 elementor-top-column elementor-element elementor-element-1e64e10\" data-id=\"1e64e10\" data-element_type=\"column\" data-e-type=\"column\">\n\t\t\t<div class=\"elementor-widget-wrap elementor-element-populated\">\n\t\t\t\t\t\t<section class=\"elementor-section elementor-inner-section elementor-element elementor-element-b86ea49 elementor-section-full_width elementor-section-height-default elementor-section-height-default\" data-id=\"b86ea49\" data-element_type=\"section\" data-e-type=\"section\">\n\t\t\t\t\t\t<div class=\"elementor-container elementor-column-gap-no\">\n\t\t\t\t\t<div class=\"elementor-column elementor-col-100 elementor-inner-column elementor-element elementor-element-b7ab282\" data-id=\"b7ab282\" data-element_type=\"column\" data-e-type=\"column\">\n\t\t\t<div class=\"elementor-widget-wrap elementor-element-populated\">\n\t\t\t\t\t\t<div class=\"elementor-element elementor-element-b4be377 elementor-widget elementor-widget-heading\" data-id=\"b4be377\" data-element_type=\"widget\" data-e-type=\"widget\" data-widget_type=\"heading.default\">\n\t\t\t\t<div class=\"elementor-widget-container\">\n\t\t\t\t\t<h3 class=\"elementor-heading-title elementor-size-default\">Op\u0161ti uslovi kori\u0161\u0107enja vebsajta BioCell Hospital d. o. o.<\/h3>\t\t\t\t<\/div>\n\t\t\t\t<\/div>\n\t\t\t\t\t<\/div>\n\t\t<\/div>\n\t\t\t\t\t<\/div>\n\t\t<\/section>\n\t\t\t\t\t<\/div>\n\t\t<\/div>\n\t\t\t\t\t<\/div>\n\t\t<\/section>\n\t\t\t\t<section class=\"elementor-section elementor-top-section elementor-element elementor-element-05a9436 biocell-grid-bg elementor-section-boxed elementor-section-height-default elementor-section-height-default\" data-id=\"05a9436\" data-element_type=\"section\" data-e-type=\"section\" data-settings=\"{&quot;background_background&quot;:&quot;classic&quot;}\">\n\t\t\t\t\t\t<div class=\"elementor-container elementor-column-gap-no\">\n\t\t\t\t\t<div class=\"elementor-column elementor-col-100 elementor-top-column elementor-element elementor-element-17e0b94\" data-id=\"17e0b94\" data-element_type=\"column\" data-e-type=\"column\">\n\t\t\t<div class=\"elementor-widget-wrap elementor-element-populated\">\n\t\t\t\t\t\t<div class=\"elementor-element elementor-element-7651460 elementor-widget elementor-widget-text-editor\" data-id=\"7651460\" data-element_type=\"widget\" data-e-type=\"widget\" data-widget_type=\"text-editor.default\">\n\t\t\t\t<div class=\"elementor-widget-container\">\n\t\t\t\t\t\t\t\t\t<p>BioCell Hospital d. o. o. sa sedi\u0161tem u Beogradu, ulica Omladinskih brigada 86a, jeste vlasnik vebsajta biocellhospital.com (u daljem tekstu: &#8220;vebsajt&#8221;) kojim i upravlja.<\/p><p>Posetom vebsajtu i njegovim kori\u0161\u0107enjem smatra se da je individualni posetilac (u daljem tekstu: &#8220;korisnik&#8221;) upoznat s Op\u0161tim uslovima kori\u0161\u0107enja vebsajta,\u00a0 Politikom privatnosti i Politikom kola\u010di\u0107a i da ih prihvata bez ograni\u010denja.<\/p>\t\t\t\t\t\t\t\t<\/div>\n\t\t\t\t<\/div>\n\t\t\t\t<div class=\"elementor-element elementor-element-b6dac94 elementor-widget elementor-widget-heading\" data-id=\"b6dac94\" data-element_type=\"widget\" data-e-type=\"widget\" data-widget_type=\"heading.default\">\n\t\t\t\t<div class=\"elementor-widget-container\">\n\t\t\t\t\t<h2 class=\"elementor-heading-title elementor-size-default\">Autorska prava i intelektualna svojina<\/h2>\t\t\t\t<\/div>\n\t\t\t\t<\/div>\n\t\t\t\t<div class=\"elementor-element elementor-element-013a3a2 elementor-widget elementor-widget-text-editor\" data-id=\"013a3a2\" data-element_type=\"widget\" data-e-type=\"widget\" data-widget_type=\"text-editor.default\">\n\t\t\t\t<div class=\"elementor-widget-container\">\n\t\t\t\t\t\t\t\t\t<p>Tekstovi, fotografije, ilustracije, dokumenti, veb dizajn i kod, objavljeni na vebsajtu, za\u0161ti\u0107ena su intelektualna svojina BioCell Hospital ili tre\u0107ih lica i ne mogu se reprodukovati, objavljivati niti koristiti, u celini ili delimi\u010dno, bez izri\u010ditog pristanka BioCell Hospital d. o. o. ili na bilo koji na\u010din koji mo\u017ee prouzrokovati \u0161tetu BioCell Hospital d. o. o. ili tre\u0107em licu. Celokupan sadr\u017eaj objavljen na vebsajtu mo\u017ee se koristiti samo za potrebe korisnika, uz pos\u030ctovanje svih autorskih i vlasnic\u030ckih prava i prava trec\u0301ih lica.<\/p>\t\t\t\t\t\t\t\t<\/div>\n\t\t\t\t<\/div>\n\t\t\t\t<div class=\"elementor-element elementor-element-20ac7fb elementor-widget elementor-widget-heading\" data-id=\"20ac7fb\" data-element_type=\"widget\" data-e-type=\"widget\" data-widget_type=\"heading.default\">\n\t\t\t\t<div class=\"elementor-widget-container\">\n\t\t\t\t\t<h2 class=\"elementor-heading-title elementor-size-default\">Odricanje od odgovornosti<\/h2>\t\t\t\t<\/div>\n\t\t\t\t<\/div>\n\t\t\t\t<div class=\"elementor-element elementor-element-9d3215e elementor-widget elementor-widget-text-editor\" data-id=\"9d3215e\" data-element_type=\"widget\" data-e-type=\"widget\" data-widget_type=\"text-editor.default\">\n\t\t\t\t<div class=\"elementor-widget-container\">\n\t\t\t\t\t\t\t\t\t<p>Celokupan sadr\u017eaj vebsajta je isklju\u010divo informativnog karaktera i ne predstavlja medicinski savet, postavljanje dijagnoze, uputstvo za le\u010denje ili uzimanje farmaceutskih preparata, niti preporuku za bilo kakav oblik nestru\u010dnog le\u010denja ili samole\u010denja. U slu\u010daju bilo kakvih zdravstvenih problema, obratite se lekaru ili nas kontaktirajte kako biste zakazali pregled ili intervenciju.<\/p><p>BioCell Hospital d. o. o. nastoji da sadr\u017eaj vebsajta bude redovno a\u017euriran i da informacije, podaci, cene, fotografije i ilustracije na njemu budu ta\u010dni i potpuni. BioCell Hospital ne garantuje za ta\u010dnost i potpunost podataka i ne snosi odgovornost za eventualne gre\u0161ke i propuste na vebsajtu, uklju\u010duju\u0107i nazive, opise, cene ili prilago\u0111enost odre\u0111enoj nameni. Ukoliko ste pojedinac ili predstavnik pravnog lica u vezi sa kojim je izneta nepotpuna ili pogre\u0161na tvrdnja ili informacija na vebsajtu, molimo Vas da nas kontaktirate putem imejla dataprotection@biocellhospital.com kako bismo ispravili propust.<\/p><p>Vebsajt sadrz\u030ci medicinske i druge informacije u vezi sa BioCell Hospital d. o. o., kao i veze do drugih internet stranica kreiranih od strane trec\u0301ih lica koje c\u0301e se, gde god je to moguc\u0301e, kao takve oznac\u030cavati. BioCell Hospital d. o. o. nema nadzor nad navedenim informacijama ili drugim internet stranicama i u potpunosti se odric\u030ce svake odgovornosti za tac\u030cnost i dostupnost sadrz\u030caja na internet stranicama kreiranim od strane trec\u0301ih lica.<\/p><p>Koris\u030cc\u0301enjem sadrz\u030caja vebsajta korisnik prihvata sve rizike koji mogu nastati iz kori\u0161\u0107enja vebsajta. BioCell Hospital d. o. o. se u potpunosti odric\u030ce svake odgovornosti, koja na bilo koji nac\u030cin moz\u030ce nastati ili je na bilo koji nac\u030cin vezana za koris\u030cc\u0301enje vebsajta, odnosno za bilo kakvu s\u030ctetu koja moz\u030ce nastati korisniku ili bilo kom trec\u0301em licu u vezi sa koris\u030cc\u0301enjem sadrz\u030caja vebsajta.<\/p>\t\t\t\t\t\t\t\t<\/div>\n\t\t\t\t<\/div>\n\t\t\t\t<div class=\"elementor-element elementor-element-7f2251f elementor-widget elementor-widget-heading\" data-id=\"7f2251f\" data-element_type=\"widget\" data-e-type=\"widget\" data-widget_type=\"heading.default\">\n\t\t\t\t<div class=\"elementor-widget-container\">\n\t\t\t\t\t<h2 class=\"elementor-heading-title elementor-size-default\">Izmene op\u0161tih uslova kori\u0161\u0107enja<\/h2>\t\t\t\t<\/div>\n\t\t\t\t<\/div>\n\t\t\t\t<div class=\"elementor-element elementor-element-4e10aa1 elementor-widget elementor-widget-text-editor\" data-id=\"4e10aa1\" data-element_type=\"widget\" data-e-type=\"widget\" data-widget_type=\"text-editor.default\">\n\t\t\t\t<div class=\"elementor-widget-container\">\n\t\t\t\t\t\t\t\t\t<p>BioCell Hospital d. o. o. zadrz\u030cava pravo da, u skladu sa svojom poslovnom politikom ili izmenama odgovaraju\u0107ih propisa, vrs\u030ci izmene Ops\u030ctih uslova koris\u030cc\u0301enja vebsajta bez prethodne najave, o \u010demu \u0107e korisnici biti blagovremeno obave\u0161teni na ovoj stranici.<\/p>\t\t\t\t\t\t\t\t<\/div>\n\t\t\t\t<\/div>\n\t\t\t\t\t<\/div>\n\t\t<\/div>\n\t\t\t\t\t<\/div>\n\t\t<\/section>\n\t\t\t\t<\/div>\n\t\t","protected":false},"excerpt":{"rendered":"<p>Op\u0161ti uslovi kori\u0161\u0107enja vebsajta BioCell Hospital d. o. o. BioCell Hospital d. o. o. sa sedi\u0161tem u Beogradu, ulica Omladinskih brigada 86a, jeste vlasnik vebsajta biocellhospital.com (u daljem tekstu: &#8220;vebsajt&#8221;) kojim i upravlja. Posetom vebsajtu i njegovim kori\u0161\u0107enjem smatra se da je individualni posetilac (u daljem tekstu: &#8220;korisnik&#8221;) upoznat s Op\u0161tim uslovima kori\u0161\u0107enja vebsajta,\u00a0 Politikom [&hellip;]<\/p>\n","protected":false},"author":2,"featured_media":0,"parent":0,"menu_order":0,"comment_status":"closed","ping_status":"closed","template":"","meta":{"_acf_changed":false,"footnotes":""},"class_list":["post-5584","page","type-page","status-publish","hentry"],"acf":[],"_links":{"self":[{"href":"https:\/\/dev1.strawhost.net\/biocell\/wp-json\/wp\/v2\/pages\/5584","targetHints":{"allow":["GET"]}}],"collection":[{"href":"https:\/\/dev1.strawhost.net\/biocell\/wp-json\/wp\/v2\/pages"}],"about":[{"href":"https:\/\/dev1.strawhost.net\/biocell\/wp-json\/wp\/v2\/types\/page"}],"author":[{"embeddable":true,"href":"https:\/\/dev1.strawhost.net\/biocell\/wp-json\/wp\/v2\/users\/2"}],"replies":[{"embeddable":true,"href":"https:\/\/dev1.strawhost.net\/biocell\/wp-json\/wp\/v2\/comments?post=5584"}],"version-history":[{"count":0,"href":"https:\/\/dev1.strawhost.net\/biocell\/wp-json\/wp\/v2\/pages\/5584\/revisions"}],"wp:attachment":[{"href":"https:\/\/dev1.strawhost.net\/biocell\/wp-json\/wp\/v2\/media?parent=5584"}],"curies":[{"name":"wp","href":"https:\/\/api.w.org\/{rel}","templated":true}]}}