{"id":77,"date":"2022-04-14T13:24:07","date_gmt":"2022-04-14T11:24:07","guid":{"rendered":"https:\/\/dev1.strawhost.net\/biocell\/?page_id=77"},"modified":"2022-07-11T21:19:35","modified_gmt":"2022-07-11T19:19:35","slug":"o-nama","status":"publish","type":"page","link":"https:\/\/dev1.strawhost.net\/biocell\/o-nama\/","title":{"rendered":"O nama"},"content":{"rendered":"\t\t<div data-elementor-type=\"wp-page\" data-elementor-id=\"77\" class=\"elementor elementor-77\" data-elementor-post-type=\"page\">\n\t\t\t\t\t\t<section class=\"elementor-section elementor-top-section elementor-element elementor-element-a638fb1 elementor-section-boxed elementor-section-height-default elementor-section-height-default\" data-id=\"a638fb1\" data-element_type=\"section\" data-e-type=\"section\" data-settings=\"{&quot;background_background&quot;:&quot;classic&quot;}\">\n\t\t\t\t\t\t<div class=\"elementor-container elementor-column-gap-no\">\n\t\t\t\t\t<div class=\"elementor-column elementor-col-50 elementor-top-column elementor-element elementor-element-0d08688 biocell-herobox-col biocell-herobox-col-order\" data-id=\"0d08688\" data-element_type=\"column\" data-e-type=\"column\" data-settings=\"{&quot;background_background&quot;:&quot;classic&quot;}\">\n\t\t\t<div class=\"elementor-widget-wrap elementor-element-populated\">\n\t\t\t\t\t\t<div class=\"elementor-element elementor-element-40c7d15 elementor-widget elementor-widget-heading\" data-id=\"40c7d15\" data-element_type=\"widget\" data-e-type=\"widget\" data-widget_type=\"heading.default\">\n\t\t\t\t<div class=\"elementor-widget-container\">\n\t\t\t\t\t<h2 class=\"elementor-heading-title elementor-size-default\">O nama<\/h2>\t\t\t\t<\/div>\n\t\t\t\t<\/div>\n\t\t\t\t<div class=\"elementor-element elementor-element-dbff262 elementor-widget elementor-widget-text-editor\" data-id=\"dbff262\" data-element_type=\"widget\" data-e-type=\"widget\" data-widget_type=\"text-editor.default\">\n\t\t\t\t<div class=\"elementor-widget-container\">\n\t\t\t\t\t\t\t\t\t<p>BioCell Hospital je jedinstvena institucija u standardnoj i naprednoj medicini. Mi\u00a0primenjujemo u praksi najnovija medicinska dostignu\u0107a i tehnologije, i transformi\u0161emo inovativne procedure u standardno, efikasno i personalizovano le\u010denje.<\/p>\t\t\t\t\t\t\t\t<\/div>\n\t\t\t\t<\/div>\n\t\t\t\t\t<\/div>\n\t\t<\/div>\n\t\t\t\t<div class=\"elementor-column elementor-col-50 elementor-top-column elementor-element elementor-element-26461b1 biocell-herobox-col\" data-id=\"26461b1\" data-element_type=\"column\" data-e-type=\"column\">\n\t\t\t<div class=\"elementor-widget-wrap elementor-element-populated\">\n\t\t\t\t\t\t<div class=\"elementor-element elementor-element-a9cb225 elementor-widget elementor-widget-image\" data-id=\"a9cb225\" data-element_type=\"widget\" data-e-type=\"widget\" data-widget_type=\"image.default\">\n\t\t\t\t<div class=\"elementor-widget-container\">\n\t\t\t\t\t\t\t\t\t\t\t\t\t\t\t<img decoding=\"async\" src=\"https:\/\/dev1.strawhost.net\/biocell\/wp-content\/uploads\/2022\/07\/587A1515.jpg\" title=\"587A1515\" alt=\"587A1515\" loading=\"lazy\" \/>\t\t\t\t\t\t\t\t\t\t\t\t\t\t\t<\/div>\n\t\t\t\t<\/div>\n\t\t\t\t\t<\/div>\n\t\t<\/div>\n\t\t\t\t\t<\/div>\n\t\t<\/section>\n\t\t\t\t<section class=\"elementor-section elementor-top-section elementor-element elementor-element-99c2812 biocell-grid-bg elementor-section-boxed elementor-section-height-default elementor-section-height-default\" data-id=\"99c2812\" data-element_type=\"section\" data-e-type=\"section\" data-settings=\"{&quot;background_background&quot;:&quot;classic&quot;}\">\n\t\t\t\t\t\t<div class=\"elementor-container elementor-column-gap-no\">\n\t\t\t\t\t<div class=\"elementor-column elementor-col-50 elementor-top-column elementor-element elementor-element-948eff0\" data-id=\"948eff0\" data-element_type=\"column\" data-e-type=\"column\">\n\t\t\t<div class=\"elementor-widget-wrap elementor-element-populated\">\n\t\t\t\t\t\t<div class=\"elementor-element elementor-element-7affa31 elementor-widget elementor-widget-text-editor\" data-id=\"7affa31\" data-element_type=\"widget\" data-e-type=\"widget\" data-widget_type=\"text-editor.default\">\n\t\t\t\t<div class=\"elementor-widget-container\">\n\t\t\t\t\t\t\t\t\t<p><strong>BioCell Hospital je \u010dlanica biotehnolo\u0161kog holdinga <a href=\"https:\/\/vinculabiotech.com\" target=\"_blank\" rel=\"noopener\">Vincula Biotech Group<\/a>, jednog od lidera na polju regenerativne medicine i genskih i \u0107elijskih terapija u svetu.\u00a0<span style=\"color: var( --e-global-color-accent );\">U sinergiji sa drugim kompanijama i institucijama holdinga, realizujemo sopstvena istra\u017eivanja i sara\u0111ujemo sa nau\u010dnim i klini\u010dkim institucijama u Srbiji i u svetu, daju\u0107i doprinos razvoju i unapre\u0111enju medicine.<\/span><\/strong><\/p><p>BioCell Hospital okuplja vode\u0107i tim medicinskih stru\u010dnjaka, priznatih u svetu i kod nas. Na\u0161e vi\u0161edecenijsko klini\u010dko i nau\u010dno iskustvo i razvoj u korak sa najnovijim dostignu\u0107ima u medicini, sada su objedinjeni u jednoj instituciji. U sinergiji, omogu\u0107avaju da posti\u017eemo vode\u0107e rezultate u mnogim oblastima medicine. Za na\u0161e pacijente, to zna\u010di vrhunski kvalitet le\u010denja, kako standardnim, tako i inovativnim metodama. BioCell Hospital je najbolje od medicine na jednom mestu.<\/p>\t\t\t\t\t\t\t\t<\/div>\n\t\t\t\t<\/div>\n\t\t\t\t<div class=\"elementor-element elementor-element-6b00a24 elementor-widget elementor-widget-image\" data-id=\"6b00a24\" data-element_type=\"widget\" data-e-type=\"widget\" data-widget_type=\"image.default\">\n\t\t\t\t<div class=\"elementor-widget-container\">\n\t\t\t\t\t\t\t\t\t\t\t\t\t\t\t<img fetchpriority=\"high\" decoding=\"async\" width=\"1920\" height=\"1280\" src=\"https:\/\/dev1.strawhost.net\/biocell\/wp-content\/uploads\/2022\/07\/587A9741.jpg\" class=\"attachment-full size-full wp-image-7303\" alt=\"\" srcset=\"https:\/\/dev1.strawhost.net\/biocell\/wp-content\/uploads\/2022\/07\/587A9741.jpg 1920w, https:\/\/dev1.strawhost.net\/biocell\/wp-content\/uploads\/2022\/07\/587A9741-300x200.jpg 300w, https:\/\/dev1.strawhost.net\/biocell\/wp-content\/uploads\/2022\/07\/587A9741-1024x683.jpg 1024w, https:\/\/dev1.strawhost.net\/biocell\/wp-content\/uploads\/2022\/07\/587A9741-768x512.jpg 768w, https:\/\/dev1.strawhost.net\/biocell\/wp-content\/uploads\/2022\/07\/587A9741-1536x1024.jpg 1536w\" sizes=\"(max-width: 1920px) 100vw, 1920px\" \/>\t\t\t\t\t\t\t\t\t\t\t\t\t\t\t<\/div>\n\t\t\t\t<\/div>\n\t\t\t\t<div class=\"elementor-element elementor-element-614a144 elementor-widget elementor-widget-text-editor\" data-id=\"614a144\" data-element_type=\"widget\" data-e-type=\"widget\" data-widget_type=\"text-editor.default\">\n\t\t\t\t<div class=\"elementor-widget-container\">\n\t\t\t\t\t\t\t\t\t<p>Dijagnosti\u010dke i terapijske procedure za pacijente svih \u017eivotnih dobi imaju za cilj da pru\u017ee efikasno i dugoro\u010dno re\u0161enje za zdravstvene probleme, kao i da pacijentima omogu\u0107e da dosegnu svoj maksimalni biolo\u0161ki potencijal. Vo\u0111eni empatijom, u BioCell Hospital posebno smo ponosni na posve\u0107enost pacijentima. Na\u0161 tim \u010dine vode\u0107i eksperti u medicini i drugim oblastima, koji primenjuju sveobuhvatan, interdisciplinaran i timski pristup prema svakom pacijentu. Brinemo o komforu i raspolo\u017eenju pacijenata u modernom i inspirativnom ambijentu, pretvaraju\u0107i boravak u BioCell Hospital u pozitivno iskustvo.<\/p>\t\t\t\t\t\t\t\t<\/div>\n\t\t\t\t<\/div>\n\t\t\t\t<div class=\"elementor-element elementor-element-01b3ed7 elementor-widget elementor-widget-image\" data-id=\"01b3ed7\" data-element_type=\"widget\" data-e-type=\"widget\" data-widget_type=\"image.default\">\n\t\t\t\t<div class=\"elementor-widget-container\">\n\t\t\t\t\t\t\t\t\t\t\t\t\t\t\t<img decoding=\"async\" width=\"1920\" height=\"1280\" src=\"https:\/\/dev1.strawhost.net\/biocell\/wp-content\/uploads\/2022\/07\/587A9732.jpg\" class=\"attachment-full size-full wp-image-7322\" alt=\"\" srcset=\"https:\/\/dev1.strawhost.net\/biocell\/wp-content\/uploads\/2022\/07\/587A9732.jpg 1920w, https:\/\/dev1.strawhost.net\/biocell\/wp-content\/uploads\/2022\/07\/587A9732-300x200.jpg 300w, https:\/\/dev1.strawhost.net\/biocell\/wp-content\/uploads\/2022\/07\/587A9732-1024x683.jpg 1024w, https:\/\/dev1.strawhost.net\/biocell\/wp-content\/uploads\/2022\/07\/587A9732-768x512.jpg 768w, https:\/\/dev1.strawhost.net\/biocell\/wp-content\/uploads\/2022\/07\/587A9732-1536x1024.jpg 1536w\" sizes=\"(max-width: 1920px) 100vw, 1920px\" \/>\t\t\t\t\t\t\t\t\t\t\t\t\t\t\t<\/div>\n\t\t\t\t<\/div>\n\t\t\t\t<div class=\"elementor-element elementor-element-a1be09e elementor-widget elementor-widget-text-editor\" data-id=\"a1be09e\" data-element_type=\"widget\" data-e-type=\"widget\" data-widget_type=\"text-editor.default\">\n\t\t\t\t<div class=\"elementor-widget-container\">\n\t\t\t\t\t\t\t\t\t<p><span style=\"color: var( --e-global-color-accent );\">Sve procedure u BioCell Hospital, sprovode se uz pomo\u0107 najsavremenije tehnologije i opreme. Zahvaljuju\u0107i razvijenoj saradnji i partnerstvima sa vode\u0107im proizvo\u0111a\u010dima medicinskih tehnologija u svetu, pacijenti kod nas mogu dobiti najnaprednija re\u0161enja i pomo\u0107 za razli\u010dite bolesti i stanja.<\/span><\/p>\t\t\t\t\t\t\t\t<\/div>\n\t\t\t\t<\/div>\n\t\t\t\t<div class=\"elementor-element elementor-element-2e3abcd elementor-widget elementor-widget-image\" data-id=\"2e3abcd\" data-element_type=\"widget\" data-e-type=\"widget\" data-widget_type=\"image.default\">\n\t\t\t\t<div class=\"elementor-widget-container\">\n\t\t\t\t\t\t\t\t\t\t\t\t\t\t\t<img decoding=\"async\" width=\"1920\" height=\"1280\" src=\"https:\/\/dev1.strawhost.net\/biocell\/wp-content\/uploads\/2022\/07\/587A9738.jpg\" class=\"attachment-full size-full wp-image-7329\" alt=\"\" srcset=\"https:\/\/dev1.strawhost.net\/biocell\/wp-content\/uploads\/2022\/07\/587A9738.jpg 1920w, https:\/\/dev1.strawhost.net\/biocell\/wp-content\/uploads\/2022\/07\/587A9738-300x200.jpg 300w, https:\/\/dev1.strawhost.net\/biocell\/wp-content\/uploads\/2022\/07\/587A9738-1024x683.jpg 1024w, https:\/\/dev1.strawhost.net\/biocell\/wp-content\/uploads\/2022\/07\/587A9738-768x512.jpg 768w, https:\/\/dev1.strawhost.net\/biocell\/wp-content\/uploads\/2022\/07\/587A9738-1536x1024.jpg 1536w\" sizes=\"(max-width: 1920px) 100vw, 1920px\" \/>\t\t\t\t\t\t\t\t\t\t\t\t\t\t\t<\/div>\n\t\t\t\t<\/div>\n\t\t\t\t<div class=\"elementor-element elementor-element-c9ff326 elementor-widget elementor-widget-text-editor\" data-id=\"c9ff326\" data-element_type=\"widget\" data-e-type=\"widget\" data-widget_type=\"text-editor.default\">\n\t\t\t\t<div class=\"elementor-widget-container\">\n\t\t\t\t\t\t\t\t\t<p><span style=\"color: var( --e-global-color-accent );\">Na\u0161i ciljevi jesu pomeranje granica u svim aspektima medicine i u odnosu prema pacijentima, kao i postizanje boljih rezultata tamo gde ostale trenutno dostupne terapije ne pru\u017eaju odgovaraju\u0107i u\u010dinak. Pobolj\u0161avaju\u0107i i vra\u0107aju\u0107i zdravlje na\u0161im pacijentima, ostavljamo nasle\u0111e du\u017eeg i kvalitetnijeg \u017eivota.<\/span><\/p>\t\t\t\t\t\t\t\t<\/div>\n\t\t\t\t<\/div>\n\t\t\t\t\t<\/div>\n\t\t<\/div>\n\t\t\t\t<div class=\"elementor-column elementor-col-50 elementor-top-column elementor-element elementor-element-98101d2\" data-id=\"98101d2\" data-element_type=\"column\" data-e-type=\"column\">\n\t\t\t<div class=\"elementor-widget-wrap elementor-element-populated\">\n\t\t\t\t\t\t<section class=\"elementor-section elementor-inner-section elementor-element elementor-element-7ecef7c elementor-section-full_width elementor-section-height-default elementor-section-height-default\" data-id=\"7ecef7c\" data-element_type=\"section\" data-e-type=\"section\" data-settings=\"{&quot;sticky&quot;:&quot;top&quot;,&quot;sticky_on&quot;:[&quot;desktop&quot;],&quot;sticky_parent&quot;:&quot;yes&quot;,&quot;sticky_offset&quot;:0,&quot;sticky_effects_offset&quot;:0,&quot;sticky_anchor_link_offset&quot;:0}\">\n\t\t\t\t\t\t<div class=\"elementor-container elementor-column-gap-no\">\n\t\t\t\t\t<div class=\"elementor-column elementor-col-100 elementor-inner-column elementor-element elementor-element-cf2ffb2\" data-id=\"cf2ffb2\" data-element_type=\"column\" data-e-type=\"column\">\n\t\t\t<div class=\"elementor-widget-wrap elementor-element-populated\">\n\t\t\t\t\t\t<div class=\"elementor-element elementor-element-55e4353 elementor-widget elementor-widget-template\" data-id=\"55e4353\" data-element_type=\"widget\" data-e-type=\"widget\" data-widget_type=\"template.default\">\n\t\t\t\t<div class=\"elementor-widget-container\">\n\t\t\t\t\t\t\t<div class=\"elementor-template\">\n\t\t\t\t\t<div data-elementor-type=\"section\" data-elementor-id=\"2219\" class=\"elementor elementor-2219\" data-elementor-post-type=\"elementor_library\">\n\t\t\t\t\t<section class=\"elementor-section elementor-top-section elementor-element elementor-element-d017ca2 elementor-section-full_width elementor-section-height-default elementor-section-height-default\" data-id=\"d017ca2\" data-element_type=\"section\" data-e-type=\"section\" data-settings=\"{&quot;background_background&quot;:&quot;classic&quot;}\">\n\t\t\t\t\t\t<div class=\"elementor-container elementor-column-gap-no\">\n\t\t\t\t\t<div class=\"elementor-column elementor-col-100 elementor-top-column elementor-element elementor-element-e5a3e68\" data-id=\"e5a3e68\" data-element_type=\"column\" data-e-type=\"column\">\n\t\t\t<div class=\"elementor-widget-wrap elementor-element-populated\">\n\t\t\t\t\t\t<div class=\"elementor-element elementor-element-a8bb094 elementor-widget elementor-widget-heading\" data-id=\"a8bb094\" data-element_type=\"widget\" data-e-type=\"widget\" data-widget_type=\"heading.default\">\n\t\t\t\t<div class=\"elementor-widget-container\">\n\t\t\t\t\t<h4 class=\"elementor-heading-title elementor-size-default\">Zdrava budu\u0107nost \npo\u010dinje sa nama.<\/h4>\t\t\t\t<\/div>\n\t\t\t\t<\/div>\n\t\t\t\t<div class=\"elementor-element elementor-element-ea39b37 elementor-widget elementor-widget-text-editor\" data-id=\"ea39b37\" data-element_type=\"widget\" data-e-type=\"widget\" data-widget_type=\"text-editor.default\">\n\t\t\t\t<div class=\"elementor-widget-container\">\n\t\t\t\t\t\t\t\t\tInformacije i zakazivanje\t\t\t\t\t\t\t\t<\/div>\n\t\t\t\t<\/div>\n\t\t\t\t<div class=\"elementor-element elementor-element-65a1c7e elementor-widget elementor-widget-heading\" data-id=\"65a1c7e\" data-element_type=\"widget\" data-e-type=\"widget\" data-widget_type=\"heading.default\">\n\t\t\t\t<div class=\"elementor-widget-container\">\n\t\t\t\t\t<h4 class=\"elementor-heading-title elementor-size-default\"><a href=\"tel:*381116688000\">+381 11 66 88 000<\/a><\/h4>\t\t\t\t<\/div>\n\t\t\t\t<\/div>\n\t\t\t\t<div class=\"elementor-element elementor-element-72e206f elementor-align-center elementor-tablet-align-left elementor-mobile-align-center elementor-widget__width-inherit biocell-sidebar-button elementor-widget elementor-widget-button\" data-id=\"72e206f\" data-element_type=\"widget\" data-e-type=\"widget\" data-widget_type=\"button.default\">\n\t\t\t\t<div class=\"elementor-widget-container\">\n\t\t\t\t\t\t\t\t\t<div class=\"elementor-button-wrapper\">\n\t\t\t\t\t<a class=\"elementor-button elementor-button-link elementor-size-sm\" href=\"https:\/\/dev1.strawhost.net\/biocell\/kontakt\/\">\n\t\t\t\t\t\t<span class=\"elementor-button-content-wrapper\">\n\t\t\t\t\t\t\t\t\t<span class=\"elementor-button-text\">Zaka\u017eite pregled<\/span>\n\t\t\t\t\t<\/span>\n\t\t\t\t\t<\/a>\n\t\t\t\t<\/div>\n\t\t\t\t\t\t\t\t<\/div>\n\t\t\t\t<\/div>\n\t\t\t\t\t<\/div>\n\t\t<\/div>\n\t\t\t\t\t<\/div>\n\t\t<\/section>\n\t\t\t\t<\/div>\n\t\t\t\t<\/div>\n\t\t\t\t\t\t<\/div>\n\t\t\t\t<\/div>\n\t\t\t\t\t<\/div>\n\t\t<\/div>\n\t\t\t\t\t<\/div>\n\t\t<\/section>\n\t\t\t\t\t<\/div>\n\t\t<\/div>\n\t\t\t\t\t<\/div>\n\t\t<\/section>\n\t\t\t\t<\/div>\n\t\t","protected":false},"excerpt":{"rendered":"<p>O nama BioCell Hospital je jedinstvena institucija u standardnoj i naprednoj medicini. Mi\u00a0primenjujemo u praksi najnovija medicinska dostignu\u0107a i tehnologije, i transformi\u0161emo inovativne procedure u standardno, efikasno i personalizovano le\u010denje. BioCell Hospital je \u010dlanica biotehnolo\u0161kog holdinga Vincula Biotech Group, jednog od lidera na polju regenerativne medicine i genskih i \u0107elijskih terapija u svetu.\u00a0U sinergiji sa [&hellip;]<\/p>\n","protected":false},"author":2,"featured_media":0,"parent":0,"menu_order":0,"comment_status":"closed","ping_status":"closed","template":"","meta":{"_acf_changed":false,"footnotes":""},"class_list":["post-77","page","type-page","status-publish","hentry"],"acf":[],"_links":{"self":[{"href":"https:\/\/dev1.strawhost.net\/biocell\/wp-json\/wp\/v2\/pages\/77","targetHints":{"allow":["GET"]}}],"collection":[{"href":"https:\/\/dev1.strawhost.net\/biocell\/wp-json\/wp\/v2\/pages"}],"about":[{"href":"https:\/\/dev1.strawhost.net\/biocell\/wp-json\/wp\/v2\/types\/page"}],"author":[{"embeddable":true,"href":"https:\/\/dev1.strawhost.net\/biocell\/wp-json\/wp\/v2\/users\/2"}],"replies":[{"embeddable":true,"href":"https:\/\/dev1.strawhost.net\/biocell\/wp-json\/wp\/v2\/comments?post=77"}],"version-history":[{"count":0,"href":"https:\/\/dev1.strawhost.net\/biocell\/wp-json\/wp\/v2\/pages\/77\/revisions"}],"wp:attachment":[{"href":"https:\/\/dev1.strawhost.net\/biocell\/wp-json\/wp\/v2\/media?parent=77"}],"curies":[{"name":"wp","href":"https:\/\/api.w.org\/{rel}","templated":true}]}}