{"id":81,"date":"2022-04-14T13:24:48","date_gmt":"2022-04-14T11:24:48","guid":{"rendered":"https:\/\/dev1.strawhost.net\/biocell\/?page_id=81"},"modified":"2022-06-17T09:48:57","modified_gmt":"2022-06-17T07:48:57","slug":"specijalne-usluge","status":"publish","type":"page","link":"https:\/\/dev1.strawhost.net\/biocell\/usluge-i-specijalnosti\/specijalne-usluge\/","title":{"rendered":"Specijalne usluge"},"content":{"rendered":"\t\t<div data-elementor-type=\"wp-page\" data-elementor-id=\"81\" class=\"elementor elementor-81\" data-elementor-post-type=\"page\">\n\t\t\t\t\t\t<section class=\"elementor-section elementor-top-section elementor-element elementor-element-692c610 elementor-section-boxed elementor-section-height-default elementor-section-height-default\" data-id=\"692c610\" data-element_type=\"section\" data-e-type=\"section\" data-settings=\"{&quot;background_background&quot;:&quot;classic&quot;}\">\n\t\t\t\t\t\t<div class=\"elementor-container elementor-column-gap-no\">\n\t\t\t\t\t<div class=\"elementor-column elementor-col-50 elementor-top-column elementor-element elementor-element-a791cf2 biocell-herobox-col biocell-herobox-col-order\" data-id=\"a791cf2\" data-element_type=\"column\" data-e-type=\"column\" data-settings=\"{&quot;background_background&quot;:&quot;classic&quot;}\">\n\t\t\t<div class=\"elementor-widget-wrap elementor-element-populated\">\n\t\t\t\t\t\t<div class=\"elementor-element elementor-element-a6320ed elementor-widget elementor-widget-heading\" data-id=\"a6320ed\" data-element_type=\"widget\" data-e-type=\"widget\" data-widget_type=\"heading.default\">\n\t\t\t\t<div class=\"elementor-widget-container\">\n\t\t\t\t\t<h2 class=\"elementor-heading-title elementor-size-default\">Specijalne usluge<\/h2>\t\t\t\t<\/div>\n\t\t\t\t<\/div>\n\t\t\t\t<div class=\"elementor-element elementor-element-98403cf elementor-widget elementor-widget-text-editor\" data-id=\"98403cf\" data-element_type=\"widget\" data-e-type=\"widget\" data-widget_type=\"text-editor.default\">\n\t\t\t\t<div class=\"elementor-widget-container\">\n\t\t\t\t\t\t\t\t\t<p style=\"font-weight: 400;\">U BioCell Hospital se primenjuju najsavremenije svetske metode za le\u010denje razli\u010ditih bolesti i stanja, kao \u0161to su gojaznost, hroni\u010dne rane i hroni\u010dni bol. Pored toga, nudimo i najnapredniju medicinsku podr\u0161ku sportistima i onima koji se aktivno bave sportom.<\/p>\t\t\t\t\t\t\t\t<\/div>\n\t\t\t\t<\/div>\n\t\t\t\t\t<\/div>\n\t\t<\/div>\n\t\t\t\t<div class=\"elementor-column elementor-col-50 elementor-top-column elementor-element elementor-element-66a4d15 biocell-herobox-col elementor-hidden-tablet elementor-hidden-mobile\" data-id=\"66a4d15\" data-element_type=\"column\" data-e-type=\"column\">\n\t\t\t<div class=\"elementor-widget-wrap elementor-element-populated\">\n\t\t\t\t\t\t<div class=\"elementor-element elementor-element-fb268de elementor-widget elementor-widget-image\" data-id=\"fb268de\" data-element_type=\"widget\" data-e-type=\"widget\" data-widget_type=\"image.default\">\n\t\t\t\t<div class=\"elementor-widget-container\">\n\t\t\t\t\t\t\t\t\t\t\t\t\t\t\t<img decoding=\"async\" src=\"https:\/\/dev1.strawhost.net\/biocell\/wp-content\/uploads\/2022\/06\/Image.png\" title=\"Image\" alt=\"Image\" loading=\"lazy\" \/>\t\t\t\t\t\t\t\t\t\t\t\t\t\t\t<\/div>\n\t\t\t\t<\/div>\n\t\t\t\t\t<\/div>\n\t\t<\/div>\n\t\t\t\t\t<\/div>\n\t\t<\/section>\n\t\t\t\t<section class=\"elementor-section elementor-top-section elementor-element elementor-element-8c96e82 biocell-grid-bg elementor-section-boxed elementor-section-height-default elementor-section-height-default\" data-id=\"8c96e82\" data-element_type=\"section\" data-e-type=\"section\" data-settings=\"{&quot;background_background&quot;:&quot;classic&quot;}\">\n\t\t\t\t\t\t<div class=\"elementor-container elementor-column-gap-no\">\n\t\t\t\t\t<div class=\"elementor-column elementor-col-100 elementor-top-column elementor-element elementor-element-cd2f884\" data-id=\"cd2f884\" data-element_type=\"column\" data-e-type=\"column\">\n\t\t\t<div class=\"elementor-widget-wrap elementor-element-populated\">\n\t\t\t\t\t\t<div class=\"elementor-element elementor-element-db6faf3 elementor-widget elementor-widget-shortcode\" data-id=\"db6faf3\" data-element_type=\"widget\" data-e-type=\"widget\" data-widget_type=\"shortcode.default\">\n\t\t\t\t<div class=\"elementor-widget-container\">\n\t\t\t\t\t\t\t<div class=\"elementor-shortcode\">\n    <div class=\"just-services-wrap\">\n    \n    \n            <div class=\"just-services__service\">\n                <div class=\"just-services__service-header-wrap just-services__service-header-wrap-light-brown\">\n                    <h3 class=\"just-services__service-header\">Specijalne usluge<\/h3>\n                <\/div>\n                <div class=\"just-services__service-body\">\n                    <ul class=\"just-services__list-wrap\">\n\n                        \n                    <li><a href='' data-product-price=''>Plasiranje gastri\u010dnog pejsmejkera<\/a><\/li>\n                    \n                                \n                    <li><a href='' data-product-price=''>Plasiranje baklofenske pumpe<\/a><\/li>\n                    \n                                \n                    <li><a href='' data-product-price=''>Plasiranje epiduralnog stimulatora<\/a><\/li>\n                    \n                    \n                    <\/ul>\n                <\/div>\n            <\/div>\n\n        \n            <div class=\"just-services__service\">\n                <div class=\"just-services__service-header-wrap just-services__service-header-wrap-grey\">\n                    <h3 class=\"just-services__service-header\">Regenerativna medicina<\/h3>\n                <\/div>\n                <div class=\"just-services__service-body\">\n                    <ul class=\"just-services__list-wrap\">\n\n                        \n                    <li><a href='' data-product-price=''>Le\u010denje hroni\u010dne rane &#8211; PRP<\/a><\/li>\n                    \n                                \n                    <li><a href='' data-product-price=''>Intraartikularna injekcija zglobova BMAC<\/a><\/li>\n                    \n                                \n                    <li><a href='' data-product-price=''>PRP oba kuka<\/a><\/li>\n                    \n                                \n                    <li><a href='' data-product-price=''>Le\u010denje bola u le\u0111ima &#8211; PRP<\/a><\/li>\n                    \n                                \n                    <li><a href='' data-product-price=''>PRP kuka (2 zgloba)<\/a><\/li>\n                    \n                                \n                    <li><a href='' data-product-price=''>PRP zgloba<\/a><\/li>\n                    \n                                \n                    <li><a href='' data-product-price=''>PRP mekih tkiva<\/a><\/li>\n                    \n                                \n                    <li><a href='' data-product-price=''>Periartikularna infiltracija Kortiko S (meko tkivo)<\/a><\/li>\n                    \n                                \n                    <li><a href='' data-product-price=''>Instilacija hijalurona<\/a><\/li>\n                    \n                                \n                    <li><a href='' data-product-price=''>Instilacija leka &#8211; zglob<\/a><\/li>\n                    \n                    \n                    <\/ul>\n                <\/div>\n            <\/div>\n\n        \n    <!-- Main Wrapper End-->\n    <\/div>\n\n    <\/div>\n\t\t\t\t\t\t<\/div>\n\t\t\t\t<\/div>\n\t\t\t\t\t<\/div>\n\t\t<\/div>\n\t\t\t\t\t<\/div>\n\t\t<\/section>\n\t\t\t\t<\/div>\n\t\t","protected":false},"excerpt":{"rendered":"<p>Specijalne usluge U BioCell Hospital se primenjuju najsavremenije svetske metode za le\u010denje razli\u010ditih bolesti i stanja, kao \u0161to su gojaznost, hroni\u010dne rane i hroni\u010dni bol. Pored toga, nudimo i najnapredniju medicinsku podr\u0161ku sportistima i onima koji se aktivno bave sportom.<\/p>\n","protected":false},"author":2,"featured_media":0,"parent":3472,"menu_order":0,"comment_status":"closed","ping_status":"closed","template":"","meta":{"_acf_changed":false,"footnotes":""},"class_list":["post-81","page","type-page","status-publish","hentry"],"acf":[],"_links":{"self":[{"href":"https:\/\/dev1.strawhost.net\/biocell\/wp-json\/wp\/v2\/pages\/81","targetHints":{"allow":["GET"]}}],"collection":[{"href":"https:\/\/dev1.strawhost.net\/biocell\/wp-json\/wp\/v2\/pages"}],"about":[{"href":"https:\/\/dev1.strawhost.net\/biocell\/wp-json\/wp\/v2\/types\/page"}],"author":[{"embeddable":true,"href":"https:\/\/dev1.strawhost.net\/biocell\/wp-json\/wp\/v2\/users\/2"}],"replies":[{"embeddable":true,"href":"https:\/\/dev1.strawhost.net\/biocell\/wp-json\/wp\/v2\/comments?post=81"}],"version-history":[{"count":0,"href":"https:\/\/dev1.strawhost.net\/biocell\/wp-json\/wp\/v2\/pages\/81\/revisions"}],"up":[{"embeddable":true,"href":"https:\/\/dev1.strawhost.net\/biocell\/wp-json\/wp\/v2\/pages\/3472"}],"wp:attachment":[{"href":"https:\/\/dev1.strawhost.net\/biocell\/wp-json\/wp\/v2\/media?parent=81"}],"curies":[{"name":"wp","href":"https:\/\/api.w.org\/{rel}","templated":true}]}}